{"id":22253,"date":"2025-11-05T01:14:35","date_gmt":"2025-11-05T00:14:35","guid":{"rendered":"https:\/\/medu.no\/radiologi\/"},"modified":"2026-02-16T10:21:56","modified_gmt":"2026-02-16T09:21:56","slug":"radiologi","status":"publish","type":"page","link":"https:\/\/medu.no\/da\/radiologi\/","title":{"rendered":"Radiologi"},"content":{"rendered":"\n\n\t\t\t<a href=\"\"  target=\"_self\">\n\t\t\t\t\t\t\tRadiologi\n\t\t\t\t\t<\/a>\n<h1>\n\t\t\tRadiologi\t<\/h1>\n\t<p>Medu er en f\u00f8rende leverand\u00f8r af str\u00e5lebeskyttelse til personalet inden for radiologi. Vores frakker fra <g id=\"gid_0\">Scanflex Medical AB<\/g> bruges af alle hospitaler i landet og er kendt for god beskyttelse, ergonomi og kvalitet. Vores loft- og bordmonterede sk\u00e6rme fra <b>Kenex Ltd.<\/b> findes i dag p\u00e5 de fleste hospitaler og d\u00e6kker alle behov for fast eller mobil beskyttelse.  <\/p>\n<p>Vi f\u00f8rer ogs\u00e5 et stort udvalg af hj\u00e6lpeudstyr til r\u00f8ntgen. Herunder leverer vi alle typer kompensationsfiltre fra <g id=\"gid_0\">Octostop Inc<\/g>. Fra <b>Beekley Inc<\/b> leverer vi mark\u00f8rer til CT, gennemlysning og MR. Unders\u00f8gelsesborde har vi i mange modeller fra <b>IDI.<\/b>  <\/p>\n<p>Antropomorfe fantomer har vi fra <b>RSD Alderson <\/b>og fantomer fra <b>Gammex-RMI<\/b>, <b>Artinis <\/b>og<b>Leeds Test Objects.<\/b><\/p>\n\t\t\t<a href=\"https:\/\/medu.no\/da\/medicinsk-udstyr\/radiologi\/\" target=\"_self\">\n\t\t\t\t\t\t<h2>Radiologiprodukter<\/h2>\t\t\t\t\t\n\t\t\t<p>Vores udvalg af radiologiprodukter<\/p>\t\t\n\t\t<\/a>\n\t\t\t<a href=\"#rett-utstyr\" target=\"_self\">\n\t\t\t\t\t\t<h2>V\u00e6lg det rigtige udstyr<\/h2>\t\t\t\t\t\n\t\t\t<p>Hvordan v\u00e6lger man det rigtige udstyr?<\/p>\t\t\n\t\t<\/a>\n\t\t\t<a href=\"\/ressurser\/?_produktomrde=radiologi\" target=\"_self\">\n\t\t\t\t\t\t<h2>Ressourcer<\/h2>\t\t\t\t\t\n\t\t\t<p>Find radiologi ressourcer<\/p>\t\t\n\t\t<\/a>\n\t<p>Vi samarbejder med<\/p>\n<h2>\n\t\t\tVerdensf\u00f8rende leverand\u00f8rer og producenter\t<\/h2>\n\t\t\t<a href=\"https:\/\/medu.no\/leverandorer\/\"  target=\"_self\">\n\t\t\t\t\t\t\tL\u00e6s mere om vores leverand\u00f8rer her\n\t\t\t\t\t<\/a>\n<h2>\n\t\t\tPopul\u00e6re radiologiprodukter\t<\/h2>\n\t<p>Udforsk vores produktgalleri med en r\u00e6kke nye produkter til radiologi.<\/p>\n\t\t<h4>\n\t\t\tModal Box\n\t\t\t\t\t<\/h4>\n\t\t<h5>modal-<\/h5>\n\t\tClick here to edit the &#8220;modal-box&#8221; settings. This text is only for editing and will not appear after you publish the changes.\t\n\t\t\t\t\t\tPreview\n\t\t\tmodal-\n\t\t\t\t\t\t\t\t\t\t\t<h4 id=\"modal-title-\">Tilmeld dig vores nyhedsbrev<\/h4>\t\t\t\t\t\t\t\t\t\t\t\t\t\t\t\t\n\t\t\t\t\t\t\n\t<p>Kontakt os<\/p>\n<h2>\n\t\t\tVi hj\u00e6lper dig med nyt medicinsk udstyr og service.\t<\/h2>\n\t<p><strong>Vi er her for at vejlede dig gennem vores udvalg af h\u00f8jkvalitets medicinsk udstyr og tilpassede servicepakker.<\/strong><\/p>\n<p>Uanset om du har brug for den nyeste teknologi til diagnostisk udstyr, p\u00e5lidelige vedligeholdelsesl\u00f8sninger eller personlig r\u00e5dgivning til at v\u00e6lge det bedste udstyr til dine specifikke behov, er vi her for at hj\u00e6lpe.<\/p>\n\t\t\t\t\t\t\t&quot;*&quot; indikerer p\u00e5kr\u00e6vede felter\n                        <form method='post' enctype='multipart\/form-data' target='gform_ajax_frame_1' id='gform_1'  action='https:\/\/medu.no\/da\/radiologi\/?fl_builder&#038;fl_builder_ui_iframe#gf_1' data-formid='1' novalidate>\n                        <label class='gfield_label gform-field-label' for='input_1_15'>X\/Twitter<\/label><input name='input_15' id='input_1_15' type='text' value='' autocomplete='new-password'\/>Dette felt er til validering og b\u00f8r ikke \u00e6ndres.<label class='gfield_label gform-field-label' for='input_1_6'>Fuldt navn*<\/label><input name='input_6' id='input_1_6' type='text' value='' class='large'   tabindex='100' placeholder='Dit fulde navn' aria-required=\"true\" aria-invalid=\"false\"   \/><label class='gfield_label gform-field-label' for='input_1_12'>Organisation*<\/label><input name='input_12' id='input_1_12' type='text' value='' class='large'   tabindex='101' placeholder='Navn p\u00e5 din organisation' aria-required=\"true\" aria-invalid=\"false\"   \/><label class='gfield_label gform-field-label' for='input_1_10'>E-mail*<\/label>\n                            <input name='input_10' id='input_1_10' type='email' value='' class='large' tabindex='102'  placeholder='Din e-mailadresse' aria-required=\"true\" aria-invalid=\"false\"  \/>\n                        <label class='gfield_label gform-field-label' for='input_1_11'>Telefon*<\/label><input name='input_11' id='input_1_11' type='tel' value='' class='large' tabindex='103' placeholder='Dit telefonnummer' aria-required=\"true\" aria-invalid=\"false\"   \/><label class='gfield_label gform-field-label' for='input_1_13'>V\u00e6lg emne*<\/label><select name='input_13' id='input_1_13' class='large gfield_select' tabindex='104'   aria-required=\"true\" aria-invalid=\"false\"><option value='' selected='selected' class='gf_placeholder'>Hvad ang\u00e5r henvendelsen?<\/option><option value='Generelle henvendelser'>Generelle henvendelser<\/option><option value='\u00d8konomi og regnskab'>\u00d8konomi og regnskab<\/option><option value='For kundeordrer og indk\u00f8b'>For kundeordrer og indk\u00f8b<\/option><option value='Salgsafdeling'>Salgsafdeling<\/option><option value='Servicehenvendelser'>Servicehenvendelser<\/option><\/select><label class='gfield_label gform-field-label' for='input_1_5'>Besked*<\/label><textarea name='input_5' id='input_1_5' class='textarea small' tabindex='105'   placeholder='Fort\u00e6l os, hvad vi kan hj\u00e6lpe dig med ..' aria-required=\"true\" aria-invalid=\"false\"   rows='10' cols='50'><\/textarea><label class='gfield_label gform-field-label' for='input_1_14'>CAPTCHA<\/label>\n         <input type='submit' id='gform_submit_button_1' class='gform_button button' onclick='gform.submission.handleButtonClick(this);' data-submission-type='submit' value='Send besked' tabindex='107' \/> <input type='hidden' name='gform_ajax' value='form_id=1&amp;title=&amp;description=&amp;tabindex=100&amp;theme=gravity-theme&amp;styles=[]&amp;hash=fe8d570c6bbd89019a989f77c4a23a28' \/>\n            <input type='hidden' class='gform_hidden' name='gform_submission_method' data-js='gform_submission_method_1' value='iframe' \/>\n            <input type='hidden' class='gform_hidden' name='gform_theme' data-js='gform_theme_1' id='gform_theme_1' value='gravity-theme' \/>\n            <input type='hidden' class='gform_hidden' name='gform_style_settings' data-js='gform_style_settings_1' id='gform_style_settings_1' value='[]' \/>\n            <input type='hidden' class='gform_hidden' name='is_submit_1' value='1' \/>\n            <input type='hidden' class='gform_hidden' name='gform_submit' value='1' \/>\n            <input type='hidden' class='gform_hidden' name='gform_currency' data-currency='NOK' value='nbKT3oNiIvpkNuzEDoLCe8+FWpZUfWCf2NbKt8NLM44jMtZh3om4QHt0b2Zj3bIWsNb0yrghd8hLUgawu+PHPP7gdctsH8NhMLxTK117joYk5Gg=' \/>\n            <input type='hidden' class='gform_hidden' name='gform_unique_id' value='' \/>\n            <input type='hidden' class='gform_hidden' name='state_1' value='WyJ7XCIxM1wiOltcIjNhMTVhYmI2NjRiYmFhMmE4MjRjZGViMTIxZDJhOGMxXCIsXCI5OWFhZWUyY2U0MDJkNjFkN2Y4YjgwMGE3NmM5OTFkZFwiLFwiY2FjMjU1ZGI1NzNlMDk1MThlMTJmODU0YjMyMzJkYThcIixcIjQ3NDFhNTk0MGJjNzZmZTA1ZDc2YmEzMGI1Yzg2M2FjXCIsXCI0Nzc4ODZlM2Q3YWQ0NTkzYzcxNGIxOTA5M2E3NmJhMFwiXX0iLCI1OTE2YTYyYTc4NTRkZGMxMzRhZDI4MGFiMWY4YjJkNiJd' \/>\n            <input type='hidden' autocomplete='off' class='gform_hidden' name='gform_target_page_number_1' id='gform_target_page_number_1' value='0' \/>\n            <input type='hidden' autocomplete='off' class='gform_hidden' name='gform_source_page_number_1' id='gform_source_page_number_1' value='1' \/>\n            <input type='hidden' name='gform_field_values' value='' \/>\n                        <\/form>\n\t\t                <iframe style='display:none;width:0px;height:0px;' src='about:blank' name='gform_ajax_frame_1' id='gform_ajax_frame_1' title='Denne iframe indeholder logikken, der er kr\u00e6vet for at h\u00e5ndtere Gravity Formularer, der bruger Ajax.'><\/iframe>\n\n","protected":false},"excerpt":{"rendered":"<p>Radiologi Radiologi Medu er en f\u00f8rende leverand\u00f8r af str\u00e5lebeskyttelse til personalet inden for radiologi. Vores frakker fra Scanflex Medical AB bruges af alle hospitaler i landet og er kendt for&hellip;<\/p>\n","protected":false},"author":23,"featured_media":0,"parent":0,"menu_order":0,"comment_status":"closed","ping_status":"closed","template":"","meta":{"inline_featured_image":false,"_price":"","_stock":"","_tribe_ticket_header":"","_tribe_default_ticket_provider":"","_tribe_ticket_capacity":"0","_ticket_start_date":"","_ticket_end_date":"","_tribe_ticket_show_description":"","_tribe_ticket_show_not_going":false,"_tribe_ticket_use_global_stock":"","_tribe_ticket_global_stock_level":"","_global_stock_mode":"","_global_stock_cap":"","_tribe_rsvp_for_event":"","_tribe_ticket_going_count":"","_tribe_ticket_not_going_count":"","_tribe_tickets_list":"[]","_tribe_ticket_has_attendee_info_fields":false,"footnotes":""},"class_list":["post-22253","page","type-page","status-publish","hentry"],"acf":[],"_links":{"self":[{"href":"https:\/\/medu.no\/da\/wp-json\/wp\/v2\/pages\/22253","targetHints":{"allow":["GET"]}}],"collection":[{"href":"https:\/\/medu.no\/da\/wp-json\/wp\/v2\/pages"}],"about":[{"href":"https:\/\/medu.no\/da\/wp-json\/wp\/v2\/types\/page"}],"author":[{"embeddable":true,"href":"https:\/\/medu.no\/da\/wp-json\/wp\/v2\/users\/23"}],"replies":[{"embeddable":true,"href":"https:\/\/medu.no\/da\/wp-json\/wp\/v2\/comments?post=22253"}],"version-history":[{"count":0,"href":"https:\/\/medu.no\/da\/wp-json\/wp\/v2\/pages\/22253\/revisions"}],"wp:attachment":[{"href":"https:\/\/medu.no\/da\/wp-json\/wp\/v2\/media?parent=22253"}],"curies":[{"name":"wp","href":"https:\/\/api.w.org\/{rel}","templated":true}]}}