{"id":21036,"date":"2022-03-25T09:34:06","date_gmt":"2022-03-25T08:34:06","guid":{"rendered":"https:\/\/medu.no\/hjem\/"},"modified":"2026-02-16T10:39:00","modified_gmt":"2026-02-16T09:39:00","slug":"hjem","status":"publish","type":"page","link":"https:\/\/medu.no\/da\/","title":{"rendered":"Hjem"},"content":{"rendered":"\n<h1>\n\t\t\tMedicinsk udstyr af h\u00f8j kvalitet er en foruds\u00e6tning for god patientbehandling.\t<\/h1>\n\t<p>Vi er stolt distribut\u00f8r af medicinsk teknisk udstyr til sm\u00e5 og store, private og offentlige sundhedsinstitutioner og klinikker i hele Norge<\/p>\n\t\t\t<a href=\"https:\/\/medu.no\/da\/kontakt\/\"  target=\"_self\">\n\t\t\t\t\t\t\tKontakt os\n\t\t\t\t\t<\/a>\n\t\t\t<a href=\"https:\/\/medu.no\/da\/medicinsk-udstyr\/\"  target=\"_self\">\n\t\t\t\t\t\t\tMedicinsk udstyr\n\t\t\t\t\t<\/a>\n\t\t\t<a href=\"https:\/\/medu.no\/da\/ultralyd\/\"  target=\"_self\">\n\t\t\t\t\t\t\tUltralyd\n\t\t\t\t\t<\/a>\n\t<p>Vi er Medu Norge<\/p>\n<h2>\n\t\t\tDistribut\u00f8r af medicinsk udstyr til sundhedsinstitutioner og klinikker i hele Norge.\t<\/h2>\n\t<p>Menneskelige ressourcer er den allervigtigste ingrediens i god patientbehandling. Men sundhedspersonale har brug for gode v\u00e6rkt\u00f8jer for at udf\u00f8re deres arbejde. Medicinsk udstyr af h\u00f8j kvalitet, som er sikkert, effektivt og p\u00e5lideligt. Det er vores ekspertise.   <\/p>\n\t\t\t<a href=\"https:\/\/medu.no\/da\/om-os\/\"  target=\"_self\">\n\t\t\t\t\t\t\tL\u00e6s mere\n\t\t\t<\/a>\n\t<p>Vi samarbejder med<\/p>\n<h2>\n\t\t\tVerdensf\u00f8rende leverand\u00f8rer og producenter\t<\/h2>\n        <img decoding=\"async\" src=\"https:\/\/medu.no\/wp-content\/uploads\/2024\/02\/AirLiquide-1.png\" alt=\"AirLiquide\"\/>\n        <img decoding=\"async\" src=\"https:\/\/medu.no\/wp-content\/uploads\/2024\/02\/Care-Essentials-1.png\" alt=\"Care Essentials\"\/>\n        <img decoding=\"async\" src=\"https:\/\/medu.no\/wp-content\/uploads\/2024\/02\/GE-HealthCare.png\" alt=\"GE Healthcare\"\/>\n        <img decoding=\"async\" src=\"https:\/\/medu.no\/wp-content\/uploads\/2024\/02\/Lowenstein-1.png\" alt=\"Lowenstein\"\/>\n        <img decoding=\"async\" src=\"https:\/\/medu.no\/wp-content\/uploads\/2024\/02\/MIPM-1.png\" alt=\"MIPM\"\/>\n        <img decoding=\"async\" src=\"https:\/\/medu.no\/wp-content\/uploads\/2024\/02\/Nihon.png\" alt=\"Nihon\"\/>\n        <img decoding=\"async\" src=\"https:\/\/medu.no\/wp-content\/uploads\/2024\/02\/Ondal.png\" alt=\"Ondal\"\/>\n        <img decoding=\"async\" src=\"https:\/\/medu.no\/wp-content\/uploads\/2024\/02\/Raumedic.png\" alt=\"Raumedic\"\/>\n        <img decoding=\"async\" src=\"https:\/\/medu.no\/wp-content\/uploads\/2024\/02\/Surgiris.png\" alt=\"Surgiris\"\/>\n        <img decoding=\"async\" src=\"https:\/\/medu.no\/wp-content\/uploads\/2024\/02\/Thuasne-1.png\" alt=\"Thuasne\"\/>\n        <img decoding=\"async\" src=\"https:\/\/medu.no\/wp-content\/uploads\/2024\/02\/wilamed.png\" alt=\"Wilamed\"\/>\n        <img decoding=\"async\" src=\"https:\/\/medu.no\/wp-content\/uploads\/2024\/02\/Elvation.png\" alt=\"Elvation\"\/>\n        <img decoding=\"async\" src=\"https:\/\/medu.no\/wp-content\/uploads\/2025\/02\/regenlab_ID.svg\" alt=\"Regenlab\" width=\"513\"\/>\n        <img decoding=\"async\" src=\"https:\/\/medu.no\/wp-content\/uploads\/2024\/02\/AirLiquide-1.png\" alt=\"AirLiquide\"\/>\n        <img decoding=\"async\" src=\"https:\/\/medu.no\/wp-content\/uploads\/2024\/02\/Care-Essentials-1.png\" alt=\"Care Essentials\"\/>\n        <img decoding=\"async\" src=\"https:\/\/medu.no\/wp-content\/uploads\/2024\/02\/GE-HealthCare.png\" alt=\"GE Healthcare\"\/>\n        <img decoding=\"async\" src=\"https:\/\/medu.no\/wp-content\/uploads\/2024\/02\/Lowenstein-1.png\" alt=\"Lowenstein\"\/>\n        <img decoding=\"async\" src=\"https:\/\/medu.no\/wp-content\/uploads\/2024\/02\/MIPM-1.png\" alt=\"MIPM\"\/>\n        <img decoding=\"async\" src=\"https:\/\/medu.no\/wp-content\/uploads\/2024\/02\/Nihon.png\" alt=\"Nihon\"\/>\n        <img decoding=\"async\" src=\"https:\/\/medu.no\/wp-content\/uploads\/2024\/02\/Ondal.png\" alt=\"Ondal\"\/>\n        <img decoding=\"async\" src=\"https:\/\/medu.no\/wp-content\/uploads\/2024\/02\/Raumedic.png\" alt=\"Raumedic\"\/>\n        <img decoding=\"async\" src=\"https:\/\/medu.no\/wp-content\/uploads\/2024\/02\/Surgiris.png\" alt=\"Surgiris\"\/>\n        <img decoding=\"async\" src=\"https:\/\/medu.no\/wp-content\/uploads\/2024\/02\/Thuasne-1.png\" alt=\"Thuasne\"\/>\n        <img decoding=\"async\" src=\"https:\/\/medu.no\/wp-content\/uploads\/2024\/02\/wilamed.png\" alt=\"Wilamed\"\/>\n        <img decoding=\"async\" src=\"https:\/\/medu.no\/wp-content\/uploads\/2024\/02\/Elvation.png\" alt=\"Elvation\"\/>\n        <img decoding=\"async\" src=\"https:\/\/medu.no\/wp-content\/uploads\/2025\/02\/regenlab_ID.svg\" alt=\"Regenlab\" width=\"513\"\/>\n<h2>\n\t\t\tDet nyeste inden for teknologi til endnu bedre patientbehandling\t<\/h2>\n\t<p>Stadigt mere avanceret teknologi giver os mere og mere detaljerede og n\u00f8jagtige resultater og data til endnu bedre patientbehandling: Avanceret diagnostik, miniaturisering og b\u00e6rbarhed samt integration af kunstig intelligens er tre af de omr\u00e5der, der pr\u00e6ger dagens teknologiske udvikling inden for medtech.<\/p>\n\t\t\t<a href=\"https:\/\/medu.no\/da\/medicinsk-udstyr\/\"  target=\"_self\">\n\t\t\t\t\t\t\tUdforsk udstyr\n\t\t\t<\/a>\n<h2>\n\t\t\tKontakt os for mere information\t<\/h2>\n\t<p>Uanset om De har brug for den nyeste teknologi til diagnostisk udstyr, p\u00e5lidelige vedligeholdelsesl\u00f8sninger eller personlig r\u00e5dgivning til at v\u00e6lge det bedste udstyr til Deres specifikke behov, er vi her for at hj\u00e6lpe.<\/p>\n\t\t\t<a href=\"https:\/\/medu.no\/da\/kontakt\/\"  target=\"_self\">\n\t\t\t\t\t\t\tKontakt os\n\t\t\t<\/a>\n\n","protected":false},"excerpt":{"rendered":"<p>Medicinsk udstyr af h\u00f8j kvalitet er en foruds\u00e6tning for god patientbehandling. Vi er stolt distribut\u00f8r af medicinsk teknisk udstyr til sm\u00e5 og store, private og offentlige sundhedsinstitutioner og klinikker i&hellip;<\/p>\n","protected":false},"author":1,"featured_media":21040,"parent":0,"menu_order":0,"comment_status":"closed","ping_status":"closed","template":"","meta":{"inline_featured_image":false,"_price":"","_stock":"","_tribe_ticket_header":"","_tribe_default_ticket_provider":"","_tribe_ticket_capacity":"0","_ticket_start_date":"","_ticket_end_date":"","_tribe_ticket_show_description":"","_tribe_ticket_show_not_going":false,"_tribe_ticket_use_global_stock":"","_tribe_ticket_global_stock_level":"","_global_stock_mode":"","_global_stock_cap":"","_tribe_rsvp_for_event":"","_tribe_ticket_going_count":"","_tribe_ticket_not_going_count":"","_tribe_tickets_list":"[]","_tribe_ticket_has_attendee_info_fields":false,"footnotes":""},"class_list":["post-21036","page","type-page","status-publish","has-post-thumbnail","hentry"],"acf":[],"_links":{"self":[{"href":"https:\/\/medu.no\/da\/wp-json\/wp\/v2\/pages\/21036","targetHints":{"allow":["GET"]}}],"collection":[{"href":"https:\/\/medu.no\/da\/wp-json\/wp\/v2\/pages"}],"about":[{"href":"https:\/\/medu.no\/da\/wp-json\/wp\/v2\/types\/page"}],"author":[{"embeddable":true,"href":"https:\/\/medu.no\/da\/wp-json\/wp\/v2\/users\/1"}],"replies":[{"embeddable":true,"href":"https:\/\/medu.no\/da\/wp-json\/wp\/v2\/comments?post=21036"}],"version-history":[{"count":0,"href":"https:\/\/medu.no\/da\/wp-json\/wp\/v2\/pages\/21036\/revisions"}],"wp:featuredmedia":[{"embeddable":true,"href":"https:\/\/medu.no\/da\/wp-json\/wp\/v2\/media\/21040"}],"wp:attachment":[{"href":"https:\/\/medu.no\/da\/wp-json\/wp\/v2\/media?parent=21036"}],"curies":[{"name":"wp","href":"https:\/\/api.w.org\/{rel}","templated":true}]}}