{"id":20957,"date":"2024-02-14T15:07:46","date_gmt":"2024-02-14T14:07:46","guid":{"rendered":"https:\/\/medu.no\/ultralyd\/"},"modified":"2026-02-13T13:47:50","modified_gmt":"2026-02-13T12:47:50","slug":"ultralyd","status":"publish","type":"page","link":"https:\/\/medu.no\/da\/ultralyd\/","title":{"rendered":"Ultralyd"},"content":{"rendered":"\n\n\t\t\t<a href=\"\"  target=\"_self\">\n\t\t\t\t\t\t\tUltralydsudstyr\n\t\t\t\t\t<\/a>\n<h1>\n\t\t\tLad os hj\u00e6lpe jer med at finde det rigtige ultralydsudstyr\t<\/h1>\n\t<p>I mere end ti \u00e5r har vi leveret ultralydsudstyr til norske praktiserende l\u00e6ger, dyrl\u00e6ger og fysioterapeuter fra vores verdensf\u00f8rende leverand\u00f8rer.<\/p>\n\t\t\t<a href=\"https:\/\/medu.no\/da\/medicinsk-udstyr\/ultralyd\/\" target=\"_self\">\n\t\t\t\t\t\t<h2>Ultralydsprodukter<\/h2>\t\t\t\t\t\n\t\t\t<p>Vores udvalg af ultralydsprodukter<\/p>\t\t\n\t\t<\/a>\n\t\t\t<a href=\"#rett-utstyr\" target=\"_self\">\n\t\t\t\t\t\t<h2>V\u00e6lg det rigtige udstyr<\/h2>\t\t\t\t\t\n\t\t\t<p>Hvordan v\u00e6lger man det rigtige udstyr?<\/p>\t\t\n\t\t<\/a>\n\t\t\t<a href=\"https:\/\/medu.no\/ressurser\/?_produktomrde=ultralyd\" target=\"_self\">\n\t\t\t\t\t\t<h2>Ressourcer<\/h2>\t\t\t\t\t\n\t\t\t<p>Find ultralydsressourcer<\/p>\t\t\n\t\t<\/a>\n\t<p>Hvorfor v\u00e6lge Medu?<\/p>\n<h2>\n\t\t\tSpecialister med lang erfaring\t<\/h2>\n\t<p>I mere end ti \u00e5r har Medu leveret ultralydsudstyr i verdensklasse til norske praktiserende l\u00e6ger, dyrl\u00e6ger og fysioterapeuter fra vores leverand\u00f8rer <a href=\"https:\/\/www.gehealthcare.no\" target=\"_blank\" rel=\"noopener\">GE Healthcare.<\/a><\/p>\n<p>Ultralyd som ikke-invasiv diagnostisk metode er blevet en uundv\u00e6rlig del af moderne medicin p\u00e5 hospitaler, hos praktiserende l\u00e6ger, specialister og blandt fysioterapeuter. <\/p>\n<p>Brugen af ultralyd str\u00e6kker sig over forskellige medicinske omr\u00e5der, herunder obstetrik, kardiologi, gastroenterologi og inden for muskel og skelet. Ud over diagnostiske form\u00e5l bruges ultralyd ogs\u00e5 terapeutisk, for eksempel i fysioterapi og ultralydsveiledet intervention. <\/p>\n<p>Til det fysioterapeutiske marked leverer vi ogs\u00e5 <a href=\"https:\/\/medu.no\/da\/medicinsk-udstyr\/fysikalske-klinikker\/trykbolge\/\">chokb\u00f8lge<\/a>, <a href=\"https:\/\/medu.no\/da\/medicinsk-udstyr\/fysikalske-klinikker\/injektionsterapi\/\">injektioner<\/a> og <a href=\"https:\/\/medu.no\/da\/produkter\/fysikalske-klinikker\/kiropraktorbaenk\/stability-behandlingsbaenk\/\">behandlingsb\u00e6nke<\/a><\/p>\n<h2>\n\t\t\tMedus ekspert p\u00e5 ultralydsprodukter\t<\/h2>\n\t<p>Thorbj\u00f8rn er vores fagansvarlige for ultralyd. Han har arbejdet med ultralyd i mange \u00e5r, is\u00e6r mod praktiserende l\u00e6ger, men ogs\u00e5 MSK. Thorbj\u00f8rn kender vores udstyr ud og ind, han kan scanne, og gennem mange \u00e5r p\u00e5 vejen, p\u00e5 kurser og i m\u00f8der med k\u00f8bere og brugere af ultralyd ved han meget om, hvad der er vigtigt b\u00e5de for at v\u00e6lge det rigtige ultralydsudstyr og for at bruge det godt.  <\/p>\n<figure itemscope itemtype=\"https:\/\/schema.org\/ImageObject\">\n\t\t\t\t<img decoding=\"async\" src=\"https:\/\/medu.no\/wp-content\/uploads\/2024\/03\/TT.jpg\" alt=\"TT\" height=\"496\" width=\"332\" title=\"TT\" onerror=\"this.style.display='none'\" loading=\"lazy\" \/>\n\t<\/figure>\n\t<strong>Thorbj\u00f8rn Sletten Torp<br \/>\n<\/strong>Fagansvarlig Ultralyd\n<p><a href=\"tel:90846797\">908 46 797<\/a> | <a href=\"mailto:thorbjorn.torp@medu.no\">thorbjorn.torp@medu.no<\/a><\/p>\n\t<p>Vi samarbejder med<\/p>\n<h2>\n\t\t\tVerdensf\u00f8rende leverand\u00f8rer og producenter\t<\/h2>\n\t\t\t<a href=\"https:\/\/medu.no\/da\/leverandorer\/\" target=\"_self\">\n\t\t\t\t\t\t\tL\u00e6s mere om vores leverand\u00f8rer her\n\t\t\t\t\t<\/a>\n\t<p>V\u00e6lg det rigtige ultralydsudstyr<\/p>\n<h2>\n\t\t\tF\u00e5 god brug af udstyret\t<\/h2>\n\t<p>Selvom ultralydsudstyr er vores kerneleverance, handler det meste af vores dialoger med kunder og interessenter faktisk om deres virksomhed, deres brug af udstyret. Og vi er mindst lige s\u00e5 optaget af at l\u00e6re op og st\u00f8tte god brug af udstyret, som vi er af at s\u00e6lge ultralyd. <\/p>\n<p>Et ultralydsapparat, der bliver st\u00e5ende og samler st\u00f8v uden at blive brugt, skaber ingen v\u00e6rdi &#8211; hverken for sundhedspersonale og brugere eller patienter. <\/p>\n<p>Hvert \u00e5r deltager vi i titusvis af ultralydskurser, og vi ved derfor meget om markedet, om hvad der typisk er vigtigt for valg af ultralydsudstyr &#8211; om du er l\u00e6ge, fysioterapeut eller dyrl\u00e6ge, og selvf\u00f8lgelig om det udstyr, vi s\u00e6lger.<\/p>\n<p>Kontakt os via knappen nedenfor, hvis I \u00f8nsker at h\u00f8re mere om vores ultralydsapparater og tjenester knyttet til disse.<\/p>\n<h2>\n\t\t\tPopul\u00e6re ultralydsprodukter\t<\/h2>\n\t<p>Udforsk vores produktgalleri med en r\u00e6kke nye produkter til ultralyd.<\/p>\n\t\t<h4>\n\t\t\tModal Box\n\t\t\t\t\t<\/h4>\n\t\t<h5>modal-<\/h5>\n\t\tClick here to edit the &#8220;modal-box&#8221; settings. This text is only for editing and will not appear after you publish the changes.\t\n\t\t\t\t\t\tPreview\n\t\t\tmodal-\n\t\t\t\t\t\t\t\t\t\t\t<h4 id=\"modal-title-\">Tilmeld dig vores nyhedsbrev<\/h4>\t\t\t\t\t\t\t\t\t\t\t\t\t\t\t\t\n\t\t\t\t\t\t\n\t<p>Kontakt os<\/p>\n<h2>\n\t\t\tVi hj\u00e6lper dig med nyt medicinsk udstyr og service.\t<\/h2>\n\t<p><strong>Vi er her for at vejlede dig gennem vores udvalg af h\u00f8jkvalitets medicinsk udstyr og tilpassede servicepakker.<\/strong><\/p>\n<p>Uanset om du har brug for den nyeste teknologi til diagnostisk udstyr, p\u00e5lidelige vedligeholdelsesl\u00f8sninger eller personlig r\u00e5dgivning til at v\u00e6lge det bedste udstyr til dine specifikke behov, er vi her for at hj\u00e6lpe.<\/p>\n\t\t\t\t\t\t\t&quot;*&quot; indikerer p\u00e5kr\u00e6vede felter\n                        <form method='post' enctype='multipart\/form-data' target='gform_ajax_frame_1' id='gform_1'  action='https:\/\/medu.no\/da\/ultralyd\/?fl_builder&#038;fl_builder_ui_iframe#gf_1' data-formid='1' novalidate>\n                        <label class='gfield_label gform-field-label' for='input_1_15'>Facebook<\/label><input name='input_15' id='input_1_15' type='text' value='' autocomplete='new-password'\/>Dette felt er til validering og b\u00f8r ikke \u00e6ndres.<label class='gfield_label gform-field-label' for='input_1_6'>Fuldt navn*<\/label><input name='input_6' id='input_1_6' type='text' value='' class='large'   tabindex='100' placeholder='Dit fulde navn' aria-required=\"true\" aria-invalid=\"false\"   \/><label class='gfield_label gform-field-label' for='input_1_12'>Organisation*<\/label><input name='input_12' id='input_1_12' type='text' value='' class='large'   tabindex='101' placeholder='Navn p\u00e5 din organisation' aria-required=\"true\" aria-invalid=\"false\"   \/><label class='gfield_label gform-field-label' for='input_1_10'>E-mail*<\/label>\n                            <input name='input_10' id='input_1_10' type='email' value='' class='large' tabindex='102'  placeholder='Din e-mailadresse' aria-required=\"true\" aria-invalid=\"false\"  \/>\n                        <label class='gfield_label gform-field-label' for='input_1_11'>Telefon*<\/label><input name='input_11' id='input_1_11' type='tel' value='' class='large' tabindex='103' placeholder='Dit telefonnummer' aria-required=\"true\" aria-invalid=\"false\"   \/><label class='gfield_label gform-field-label' for='input_1_13'>V\u00e6lg emne*<\/label><select name='input_13' id='input_1_13' class='large gfield_select' tabindex='104'   aria-required=\"true\" aria-invalid=\"false\"><option value='' selected='selected' class='gf_placeholder'>Hvad ang\u00e5r henvendelsen?<\/option><option value='Generelle henvendelser'>Generelle henvendelser<\/option><option value='\u00d8konomi og regnskab'>\u00d8konomi og regnskab<\/option><option value='For kundeordrer og indk\u00f8b'>For kundeordrer og indk\u00f8b<\/option><option value='Salgsafdeling'>Salgsafdeling<\/option><option value='Servicehenvendelser'>Servicehenvendelser<\/option><\/select><label class='gfield_label gform-field-label' for='input_1_5'>Besked*<\/label><textarea name='input_5' id='input_1_5' class='textarea small' tabindex='105'   placeholder='Fort\u00e6l os, hvad vi kan hj\u00e6lpe dig med ..' aria-required=\"true\" aria-invalid=\"false\"   rows='10' cols='50'><\/textarea><label class='gfield_label gform-field-label' for='input_1_14'>CAPTCHA<\/label>\n         <input type='submit' id='gform_submit_button_1' class='gform_button button' onclick='gform.submission.handleButtonClick(this);' data-submission-type='submit' value='Send besked' tabindex='107' \/> <input type='hidden' name='gform_ajax' value='form_id=1&amp;title=&amp;description=&amp;tabindex=100&amp;theme=gravity-theme&amp;styles=[]&amp;hash=fe8d570c6bbd89019a989f77c4a23a28' \/>\n            <input type='hidden' class='gform_hidden' name='gform_submission_method' data-js='gform_submission_method_1' value='iframe' \/>\n            <input type='hidden' class='gform_hidden' name='gform_theme' data-js='gform_theme_1' id='gform_theme_1' value='gravity-theme' \/>\n            <input type='hidden' class='gform_hidden' name='gform_style_settings' data-js='gform_style_settings_1' id='gform_style_settings_1' value='[]' \/>\n            <input type='hidden' class='gform_hidden' name='is_submit_1' value='1' \/>\n            <input type='hidden' class='gform_hidden' name='gform_submit' value='1' \/>\n            <input type='hidden' class='gform_hidden' name='gform_currency' data-currency='NOK' value='jKdPGketfhtIt\/YCyEUSiqJH+uPkHBlD0KHNMPLNfE2NqD3EUsclf5EwBwDvCzefICAXHVsIqFCz9uyMH9ANNuLx0CpRMr0rveH3HpM5a6SeBKk=' \/>\n            <input type='hidden' class='gform_hidden' name='gform_unique_id' value='' \/>\n            <input type='hidden' class='gform_hidden' name='state_1' value='WyJ7XCIxM1wiOltcIjNhMTVhYmI2NjRiYmFhMmE4MjRjZGViMTIxZDJhOGMxXCIsXCI5OWFhZWUyY2U0MDJkNjFkN2Y4YjgwMGE3NmM5OTFkZFwiLFwiY2FjMjU1ZGI1NzNlMDk1MThlMTJmODU0YjMyMzJkYThcIixcIjQ3NDFhNTk0MGJjNzZmZTA1ZDc2YmEzMGI1Yzg2M2FjXCIsXCI0Nzc4ODZlM2Q3YWQ0NTkzYzcxNGIxOTA5M2E3NmJhMFwiXX0iLCI1OTE2YTYyYTc4NTRkZGMxMzRhZDI4MGFiMWY4YjJkNiJd' \/>\n            <input type='hidden' autocomplete='off' class='gform_hidden' name='gform_target_page_number_1' id='gform_target_page_number_1' value='0' \/>\n            <input type='hidden' autocomplete='off' class='gform_hidden' name='gform_source_page_number_1' id='gform_source_page_number_1' value='1' \/>\n            <input type='hidden' name='gform_field_values' value='' \/>\n                        <\/form>\n\t\t                <iframe style='display:none;width:0px;height:0px;' src='about:blank' name='gform_ajax_frame_1' id='gform_ajax_frame_1' title='Denne iframe indeholder logikken, der er kr\u00e6vet for at h\u00e5ndtere Gravity Formularer, der bruger Ajax.'><\/iframe>\n\n","protected":false},"excerpt":{"rendered":"<p>Ultralydsudstyr Lad os hj\u00e6lpe jer med at finde det rigtige ultralydsudstyr I mere end ti \u00e5r har vi leveret ultralydsudstyr til norske praktiserende l\u00e6ger, dyrl\u00e6ger og fysioterapeuter fra vores verdensf\u00f8rende&hellip;<\/p>\n","protected":false},"author":2,"featured_media":20960,"parent":0,"menu_order":0,"comment_status":"closed","ping_status":"closed","template":"","meta":{"inline_featured_image":false,"_price":"","_stock":"","_tribe_ticket_header":"","_tribe_default_ticket_provider":"","_tribe_ticket_capacity":"0","_ticket_start_date":"","_ticket_end_date":"","_tribe_ticket_show_description":"","_tribe_ticket_show_not_going":false,"_tribe_ticket_use_global_stock":"","_tribe_ticket_global_stock_level":"","_global_stock_mode":"","_global_stock_cap":"","_tribe_rsvp_for_event":"","_tribe_ticket_going_count":"","_tribe_ticket_not_going_count":"","_tribe_tickets_list":"[]","_tribe_ticket_has_attendee_info_fields":false,"footnotes":""},"class_list":["post-20957","page","type-page","status-publish","has-post-thumbnail","hentry"],"acf":[],"_links":{"self":[{"href":"https:\/\/medu.no\/da\/wp-json\/wp\/v2\/pages\/20957","targetHints":{"allow":["GET"]}}],"collection":[{"href":"https:\/\/medu.no\/da\/wp-json\/wp\/v2\/pages"}],"about":[{"href":"https:\/\/medu.no\/da\/wp-json\/wp\/v2\/types\/page"}],"author":[{"embeddable":true,"href":"https:\/\/medu.no\/da\/wp-json\/wp\/v2\/users\/2"}],"replies":[{"embeddable":true,"href":"https:\/\/medu.no\/da\/wp-json\/wp\/v2\/comments?post=20957"}],"version-history":[{"count":0,"href":"https:\/\/medu.no\/da\/wp-json\/wp\/v2\/pages\/20957\/revisions"}],"wp:featuredmedia":[{"embeddable":true,"href":"https:\/\/medu.no\/da\/wp-json\/wp\/v2\/media\/20960"}],"wp:attachment":[{"href":"https:\/\/medu.no\/da\/wp-json\/wp\/v2\/media?parent=20957"}],"curies":[{"name":"wp","href":"https:\/\/api.w.org\/{rel}","templated":true}]}}