{"id":20940,"date":"2024-02-21T11:36:19","date_gmt":"2024-02-21T10:36:19","guid":{"rendered":"https:\/\/medu.no\/patientovervaagning\/"},"modified":"2026-01-07T10:30:05","modified_gmt":"2026-01-07T09:30:05","slug":"patientovervaagning","status":"publish","type":"page","link":"https:\/\/medu.no\/da\/hospitaler\/patientovervaagning\/","title":{"rendered":"Patientoverv\u00e5gning"},"content":{"rendered":"\n\n\t\t\t<a href=\"https:\/\/medu.no\/da\/hospitaler\/\" target=\"_self\">\n\t\t\t\t\t\t\tHospitaler\n\t\t\t\t\t<\/a>\n<h1>\n\t\t\tPatientoverv\u00e5gning\t<\/h1>\n\t<p>Patientoverv\u00e5gning er et af vores st\u00f8rste udstyrsomr\u00e5der. Vores hovedleverand\u00f8rer inden for patientoverv\u00e5gning er japanske Nihon Kohden,   tyske MIPM, og norske Appsens (ECG247).<\/p>\n\t\t\t<a href=\"#kontaktside\" target=\"_self\">\n\t\t\t\t\t\t\tKontakt os\n\t\t\t<\/a>\n<h2>\n\t\t\tTeknologi giver tryghed for patienter og sundhedspersonale\t<\/h2>\n\t<p>P\u00e5lideligt og avanceret udstyr til patientmonitorering er essentielt for at sikre, at patienter i behandling er trygge. Med godt udstyr kan patienter koncentrere sig om deres behandling, og sundhedspersonale kan v\u00e6re trygge ved, at udstyret hj\u00e6lper dem med at reagere hurtigt og pr\u00e6cist, n\u00e5r det er n\u00f8dvendigt.<\/p>\n<p>Patientoverv\u00e5gning er et af vores st\u00f8rste udstyrsomr\u00e5der. Vores hovedleverand\u00f8rer inden for patientoverv\u00e5gning er japanske <a href=\"https:\/\/eu.nihonkohden.com\/products\/pms\" target=\"_blank\" rel=\"noopener\">Nihon Kohden<\/a>, tyske <a href=\"https:\/\/www.mipm.com\/en\/\" target=\"_blank\" rel=\"noopener\">MIPM<\/a> og norske <a href=\"https:\/\/ecg247.com\/\" target=\"_blank\" rel=\"noopener\">Appsens (ECG 247)<\/a>.<\/p>\n<p>Patientoverv\u00e5gningsudstyr fra Nihon Kohden og MIPM er i dag i brug p\u00e5 en r\u00e6kke norske sygehuse: Oslo Universitetssygehus (Ullev\u00e5l, Rikshospitalet, Radiumhospitalet og Nye Radiumhospitalet), Vestre Viken med B\u00e6rum og Ringerike sygehus, S\u00f8rlandet sygehus, Helse Midt-Norge og Helse F\u00f8rde.<\/p>\n<p>Med nyudviklingen ECG247 vandt vi for nylig det f\u00f8rste norske udbud, til Sykehuset i \u00d8stfold.<\/p>\n<p>&nbsp;<\/p>\n<h2>\n\t\t\tMedus eksperter p\u00e5 patientoverv\u00e5gning\t<\/h2>\n\t<p>Christine og Leif er vores eksperter p\u00e5 udstyr til patientoverv\u00e5gning. Leif har arbejdet med denne type udstyr i 30 \u00e5r, i t\u00e6t dialog med leverand\u00f8rer og udviklere, sundhedspersonale og indk\u00f8bere ved norske sygehuse. Christine er b\u00f8rnesygeplejerske med erfaring fra \u00f8re-n\u00e6se-hals og ortop\u00e6diske afdelinger. Med n\u00e6sten ti \u00e5rs erfaring med den praktiske og daglige brug af medicinsk teknisk udstyr, ved hun meget om, hvad hverdagen kr\u00e6ver af udstyr, der skal bidrage til god patientbehandling.   <\/p>\n\t\t\t\t<img decoding=\"async\" src=\"https:\/\/medu.no\/wp-content\/uploads\/2024\/04\/LYS382593_Medu_po_003.jpg\" alt=\"LYS382593_Medu_po_003\" itemprop=\"image\" height=\"856\" width=\"1200\" title=\"LYS382593_Medu_po_003\" onerror=\"this.style.display='none'\" loading=\"lazy\" \/>\n\t<strong>Leif Blindheim<br \/>\n<\/strong>Salgsleder Patientoverv\u00e5gning &amp; Operation\n<a href=\"tel:91531194\">915 31 194<\/a><br \/>\n<a href=\"mailto:leif.blindheim@medu.no\">leif.blindheim@medu.no<\/a>\n\t\t\t\t<img decoding=\"async\" src=\"https:\/\/medu.no\/wp-content\/uploads\/2024\/04\/LYS382591_Medu_po_001.jpg\" alt=\"LYS382591_Medu_po_001\" itemprop=\"image\" height=\"841\" width=\"1200\" title=\"LYS382591_Medu_po_001\" onerror=\"this.style.display='none'\" loading=\"lazy\" \/>\n\t<strong>Christine Langmoen Nilsen<br \/>\n<\/strong>Salgsleder Patientoverv\u00e5gning &amp; Nyf\u00f8dt\/f\u00f8dsel\n<a href=\"tel:90822975\">908 22 975<\/a><br \/>\n<a href=\"mailto:christine.langmoen@medu.no\">christine.langmoen@medu.no<\/a>\n\t<p>Vores hovedleverand\u00f8rer for patientoverv\u00e5gning er<\/p>\n<h2>\n\t\t\tNihon Kohden, MIPM og Appsens\t<\/h2>\n\t\t\t\t\t\t\t<img loading=\"lazy\" decoding=\"async\" src=\"https:\/\/medu.no\/wp-content\/uploads\/2024\/02\/Nihon.png\" alt=\"Nihon\" width=\"2560\" height=\"421\" \/>\n\t\t\t\t\t\t<h4>Nihon Kohden<\/h4>\t\t\t\t\t\n\t\t\t<p>Nihon Kohden har et bredt udvalg af udstyr til patientoverv\u00e5gning, b\u00e5de monitorer, spot checkere, telemetri og tilbeh\u00f8r. De allermest solgte NK-produkter hos os er Life Scope G5 og G7, Vismo, PT, E5, Spot Checker og Telemetri. <a href=\"https:\/\/eu.nihonkohden.com\/en\/products\/patient-monitoring\" target=\"_blank\" rel=\"noopener\">Se produkter<\/a><\/p>\t\t\n\t\t\t\t\t\t\t<img loading=\"lazy\" decoding=\"async\" src=\"https:\/\/medu.no\/wp-content\/uploads\/2024\/02\/MIPM-1.png\" alt=\"MIPM\" width=\"2160\" height=\"2160\" \/>\n\t\t\t\t\t\t<h4>Mammendorfer Institut F\u00fcr Physik und Medizin<\/h4>\t\t\t\t\t\n\t\t\t<p>Fra MIPM tilbyder vi monitorerne Tesla M3, Tesla DUO og TOF 3D.<a href=\"https:\/\/www.mipm.com\/en\/our-products\" target=\"_blank\" rel=\"noopener\">Se produkter<\/a><\/p>\t\t\n\t\t\t\t\t\t\t<img loading=\"lazy\" decoding=\"async\" src=\"https:\/\/medu.no\/wp-content\/uploads\/2024\/02\/ECG247-1.png\" alt=\"ECG247\" width=\"446\" height=\"200\" \/>\n\t\t\t\t\t\t<h4>Appsens<\/h4>\t\t\t\t\t\n\t\t\t<p>Fra Appsens tilbyder vi ECG247, en norskudviklet tr\u00e5dl\u00f8s sensor til kontinuerlig m\u00e5ling af hjerterytme.<a href=\"https:\/\/ecg247.com\/om-appsens-as\/\" target=\"_blank\" rel=\"noopener\">Se produkter<\/a><\/p>\t\t\n\t<p>Kontakt os<\/p>\n<h2>\n\t\t\tVi hj\u00e6lper dig med nyt medicinsk udstyr og service.\t<\/h2>\n\t<p><strong>Vi er her for at vejlede dig gennem vores udvalg af h\u00f8jkvalitets medicinsk udstyr og tilpassede servicepakker.<\/strong><\/p>\n<p>Uanset om du har brug for den nyeste teknologi til diagnostisk udstyr, p\u00e5lidelige vedligeholdelsesl\u00f8sninger eller personlig r\u00e5dgivning til at v\u00e6lge det bedste udstyr til dine specifikke behov, er vi her for at hj\u00e6lpe.<\/p>\n\t\t\t\t\t\t\t&quot;*&quot; indikerer p\u00e5kr\u00e6vede felter\n                        <form method='post' enctype='multipart\/form-data' target='gform_ajax_frame_1' id='gform_1'  action='https:\/\/medu.no\/da\/hospitaler\/patientovervaagning\/?fl_builder&#038;fl_builder_ui_iframe#gf_1' data-formid='1' novalidate>\n                        <label class='gfield_label gform-field-label' for='input_1_15'>Phone<\/label><input name='input_15' id='input_1_15' type='text' value='' autocomplete='new-password'\/>Dette felt er til validering og b\u00f8r ikke \u00e6ndres.<label class='gfield_label gform-field-label' for='input_1_6'>Fuldt navn*<\/label><input name='input_6' id='input_1_6' type='text' value='' class='large'   tabindex='100' placeholder='Dit fulde navn' aria-required=\"true\" aria-invalid=\"false\"   \/><label class='gfield_label gform-field-label' for='input_1_12'>Organisation*<\/label><input name='input_12' id='input_1_12' type='text' value='' class='large'   tabindex='101' placeholder='Navn p\u00e5 din organisation' aria-required=\"true\" aria-invalid=\"false\"   \/><label class='gfield_label gform-field-label' for='input_1_10'>E-mail*<\/label>\n                            <input name='input_10' id='input_1_10' type='email' value='' class='large' tabindex='102'  placeholder='Din e-mailadresse' aria-required=\"true\" aria-invalid=\"false\"  \/>\n                        <label class='gfield_label gform-field-label' for='input_1_11'>Telefon*<\/label><input name='input_11' id='input_1_11' type='tel' value='' class='large' tabindex='103' placeholder='Dit telefonnummer' aria-required=\"true\" aria-invalid=\"false\"   \/><label class='gfield_label gform-field-label' for='input_1_13'>V\u00e6lg emne*<\/label><select name='input_13' id='input_1_13' class='large gfield_select' tabindex='104'   aria-required=\"true\" aria-invalid=\"false\"><option value='' selected='selected' class='gf_placeholder'>Hvad ang\u00e5r henvendelsen?<\/option><option value='Generelle henvendelser'>Generelle henvendelser<\/option><option value='\u00d8konomi og regnskab'>\u00d8konomi og regnskab<\/option><option value='For kundeordrer og indk\u00f8b'>For kundeordrer og indk\u00f8b<\/option><option value='Salgsafdeling'>Salgsafdeling<\/option><option value='Servicehenvendelser'>Servicehenvendelser<\/option><\/select><label class='gfield_label gform-field-label' for='input_1_5'>Besked*<\/label><textarea name='input_5' id='input_1_5' class='textarea small' tabindex='105'   placeholder='Fort\u00e6l os, hvad vi kan hj\u00e6lpe dig med ..' aria-required=\"true\" aria-invalid=\"false\"   rows='10' cols='50'><\/textarea><label class='gfield_label gform-field-label' for='input_1_14'>CAPTCHA<\/label>\n         <input type='submit' id='gform_submit_button_1' class='gform_button button' onclick='gform.submission.handleButtonClick(this);' data-submission-type='submit' value='Send besked' tabindex='107' \/> <input type='hidden' name='gform_ajax' value='form_id=1&amp;title=&amp;description=&amp;tabindex=100&amp;theme=gravity-theme&amp;styles=[]&amp;hash=fe8d570c6bbd89019a989f77c4a23a28' \/>\n            <input type='hidden' class='gform_hidden' name='gform_submission_method' data-js='gform_submission_method_1' value='iframe' \/>\n            <input type='hidden' class='gform_hidden' name='gform_theme' data-js='gform_theme_1' id='gform_theme_1' value='gravity-theme' \/>\n            <input type='hidden' class='gform_hidden' name='gform_style_settings' data-js='gform_style_settings_1' id='gform_style_settings_1' value='[]' \/>\n            <input type='hidden' class='gform_hidden' name='is_submit_1' value='1' \/>\n            <input type='hidden' class='gform_hidden' name='gform_submit' value='1' \/>\n            <input type='hidden' class='gform_hidden' name='gform_unique_id' value='' \/>\n            <input type='hidden' class='gform_hidden' name='state_1' value='WyJ7XCIxM1wiOltcIjNhMTVhYmI2NjRiYmFhMmE4MjRjZGViMTIxZDJhOGMxXCIsXCI5OWFhZWUyY2U0MDJkNjFkN2Y4YjgwMGE3NmM5OTFkZFwiLFwiY2FjMjU1ZGI1NzNlMDk1MThlMTJmODU0YjMyMzJkYThcIixcIjQ3NDFhNTk0MGJjNzZmZTA1ZDc2YmEzMGI1Yzg2M2FjXCIsXCI0Nzc4ODZlM2Q3YWQ0NTkzYzcxNGIxOTA5M2E3NmJhMFwiXX0iLCI1OTE2YTYyYTc4NTRkZGMxMzRhZDI4MGFiMWY4YjJkNiJd' \/>\n            <input type='hidden' autocomplete='off' class='gform_hidden' name='gform_target_page_number_1' id='gform_target_page_number_1' value='0' \/>\n            <input type='hidden' autocomplete='off' class='gform_hidden' name='gform_source_page_number_1' id='gform_source_page_number_1' value='1' \/>\n            <input type='hidden' name='gform_field_values' value='' \/>\n                        <\/form>\n\t\t                <iframe style='display:none;width:0px;height:0px;' src='about:blank' name='gform_ajax_frame_1' id='gform_ajax_frame_1' title='Denne iframe indeholder logikken, der er kr\u00e6vet for at h\u00e5ndtere Gravity Formularer, der bruger Ajax.'><\/iframe>\n\n","protected":false},"excerpt":{"rendered":"<p>Hospitaler Patientoverv\u00e5gning Patientoverv\u00e5gning er et af vores st\u00f8rste udstyrsomr\u00e5der. Vores hovedleverand\u00f8rer inden for patientoverv\u00e5gning er japanske Nihon Kohden, tyske MIPM, og norske Appsens (ECG247). Kontakt os Teknologi giver tryghed for&hellip;<\/p>\n","protected":false},"author":2,"featured_media":20943,"parent":20954,"menu_order":0,"comment_status":"closed","ping_status":"closed","template":"","meta":{"inline_featured_image":false,"_price":"","_stock":"","_tribe_ticket_header":"","_tribe_default_ticket_provider":"","_tribe_ticket_capacity":"0","_ticket_start_date":"","_ticket_end_date":"","_tribe_ticket_show_description":"","_tribe_ticket_show_not_going":false,"_tribe_ticket_use_global_stock":"","_tribe_ticket_global_stock_level":"","_global_stock_mode":"","_global_stock_cap":"","_tribe_rsvp_for_event":"","_tribe_ticket_going_count":"","_tribe_ticket_not_going_count":"","_tribe_tickets_list":"[]","_tribe_ticket_has_attendee_info_fields":false,"footnotes":""},"class_list":["post-20940","page","type-page","status-publish","has-post-thumbnail","hentry"],"acf":[],"_links":{"self":[{"href":"https:\/\/medu.no\/da\/wp-json\/wp\/v2\/pages\/20940","targetHints":{"allow":["GET"]}}],"collection":[{"href":"https:\/\/medu.no\/da\/wp-json\/wp\/v2\/pages"}],"about":[{"href":"https:\/\/medu.no\/da\/wp-json\/wp\/v2\/types\/page"}],"author":[{"embeddable":true,"href":"https:\/\/medu.no\/da\/wp-json\/wp\/v2\/users\/2"}],"replies":[{"embeddable":true,"href":"https:\/\/medu.no\/da\/wp-json\/wp\/v2\/comments?post=20940"}],"version-history":[{"count":0,"href":"https:\/\/medu.no\/da\/wp-json\/wp\/v2\/pages\/20940\/revisions"}],"up":[{"embeddable":true,"href":"https:\/\/medu.no\/da\/wp-json\/wp\/v2\/pages\/20954"}],"wp:featuredmedia":[{"embeddable":true,"href":"https:\/\/medu.no\/da\/wp-json\/wp\/v2\/media\/20943"}],"wp:attachment":[{"href":"https:\/\/medu.no\/da\/wp-json\/wp\/v2\/media?parent=20940"}],"curies":[{"name":"wp","href":"https:\/\/api.w.org\/{rel}","templated":true}]}}