{"id":20919,"date":"2024-02-22T02:01:19","date_gmt":"2024-02-22T01:01:19","guid":{"rendered":"https:\/\/medu.no\/anaestesi-intensiv\/"},"modified":"2026-01-07T10:32:34","modified_gmt":"2026-01-07T09:32:34","slug":"anaestesi-intensiv","status":"publish","type":"page","link":"https:\/\/medu.no\/da\/hospitaler\/anaestesi-intensiv\/","title":{"rendered":"An\u00e6stesi \/ Intensiv"},"content":{"rendered":"\n\n\t\t\t<a href=\"https:\/\/medu.no\/da\/hospitaler\/\" target=\"_self\">\n\t\t\t\t\t\t\tHospitaler\n\t\t\t\t\t<\/a>\n<h1>\n\t\t\tAn\u00e6stesi \/ Intensiv\t<\/h1>\n\t<p>Gennem \u00e5rtier har an\u00e6stesiudstyr spillet en n\u00f8glerolle i at muligg\u00f8re komplekse kirurgiske indgreb, som b\u00e5de redder liv og styrker livskvalitet. Nutidens pr\u00e6cisionskontrollerede udstyr sikrer b\u00e5de sikkerhed og komfort for patienter under medicinske procedurer. <\/p>\n\t\t\t<a href=\"#kontaktside\" target=\"_self\">\n\t\t\t\t\t\t\tKontakt os\n\t\t\t<\/a>\n<h2>\n\t\t\tVi leverer an\u00e6stesi\/intensiv udstyr til b\u00e5de offentlige og private hospitaler\t<\/h2>\n\t<p>I dag har vi aftaler med Helse Vest, Helse S\u00f8r-\u00d8st og Helse Midt-Norge, og leverer mere udstyr p\u00e5 omr\u00e5det end nogensinde f\u00f8r. Vores produktportef\u00f8lje p\u00e5 an\u00e6stesi\/intensiv er bred. Ud over an\u00e6stesiapparater, non-invasive ventilatorer og intensivrespiratorer, patientmonitorer og patientopvarmning, har vi ogs\u00e5 et stort udvalg af tilh\u00f8rende medicinsk forbrugsmateriale, som slanger, sug, masker og filtre, til hurtig levering.<\/p>\nVores mest efterspurgte produkter er:<br \/>\n<a href=\"https:\/\/loewensteinmedical.com\/en\/anesthesia\/leon-mri\/\" target=\"_blank\" rel=\"noopener\">Leon MRI<\/a>, <a href=\"https:\/\/www.mipm.com\/en\/product\/tesla-m3\" target=\"_blank\" rel=\"noopener\">Tesla M3 <\/a>og <a href=\"https:\/\/www.mipm.com\/en\/product\/tesla-duo\" target=\"_blank\" rel=\"noopener\">Tesla Duo<\/a>, <a href=\"https:\/\/eu.nihonkohden.com\/en\/products\/ventilation-system\/ventilators\/nkv-330\" target=\"_blank\" rel=\"noopener\">NKV330<\/a>, <a href=\"https:\/\/loewensteinmedical.com\/en\/anesthesia\/leon-plus\/\" target=\"_blank\" rel=\"noopener\">Leon Plus<\/a>, <a href=\"https:\/\/www.careessentials.com.au\/product\/cws-5000\/\" target=\"_blank\" rel=\"noopener\">Cocoon patientopvarmning<\/a>, <a href=\"https:\/\/www.raumedic.com\/us\/application-areas\/neuromonitoring\/neuro-icu\/icp-measurement\" target=\"_blank\" rel=\"noopener\">Raumedic ICP-kateter<\/a>, <a href=\"https:\/\/www.verathon.com\/bladder-scanners\/\" target=\"_blank\" rel=\"noopener\">Bladderscan<\/a>.\nVores vigtigste leverand\u00f8rer inden for an\u00e6stesi\/intensiv:<br \/>\n<a href=\"https:\/\/en.hul.de\/\" data-saferedirecturl=\"https:\/\/www.google.com\/url?q=https:\/\/en.hul.de\/&amp;source=gmail&amp;ust=1709730932362000&amp;usg=AOvVaw0dtYOSn6tnFxcTlbAd0ZAv\" target=\"_blank\" rel=\"noopener\">L\u00f6wenstein Medical<\/a>, <a href=\"https:\/\/eu.nihonkohden.com\/products\/pms\" data-saferedirecturl=\"https:\/\/www.google.com\/url?q=https:\/\/eu.nihonkohden.com\/en\/products\/ventilation-system\/ventilators\/nkv-330&amp;source=gmail&amp;ust=1709730932362000&amp;usg=AOvVaw0FLTnuM0gHA_3HgWo1r5Hs\" target=\"_blank\" rel=\"noopener\">Nihon Kohden<\/a><a href=\"https:\/\/www.wilamed.de\/en\/wilamed-english\/\" data-saferedirecturl=\"https:\/\/www.google.com\/url?q=https:\/\/www.wilamed.de\/en\/wilamed-english\/&amp;source=gmail&amp;ust=1709730932362000&amp;usg=AOvVaw2NZ8sKn7ovy0aidmstFo3h\" target=\"_blank\" rel=\"noopener\">, <\/a><a href=\"https:\/\/www.wilamed.de\/en\/wilamed-english\/\" data-saferedirecturl=\"https:\/\/www.google.com\/url?q=https:\/\/www.wilamed.de\/en\/wilamed-english\/&amp;source=gmail&amp;ust=1709730932362000&amp;usg=AOvVaw2NZ8sKn7ovy0aidmstFo3h\" target=\"_blank\" rel=\"noopener\">WILAmed<\/a>, <a href=\"https:\/\/www.mipm.com\/en\/\" data-saferedirecturl=\"https:\/\/www.google.com\/url?q=https:\/\/www.mipm.com\/en\/our-products\/teslam3&amp;source=gmail&amp;ust=1709730932362000&amp;usg=AOvVaw3RW4Ohni_AykeYmpPu3Hop\" target=\"_blank\" rel=\"noopener\">MIPM<\/a>, <a href=\"https:\/\/www.raumedic.com\/us\/application-areas\/neuromonitoring\/neuro-icu\/icp-measurement\" data-saferedirecturl=\"https:\/\/www.google.com\/url?q=https:\/\/www.raumedic.com\/us\/application-areas\/neuromonitoring\/neuro-icu\/icp-measurement&amp;source=gmail&amp;ust=1709730932362000&amp;usg=AOvVaw2Mre28eGoFcEUwrEtE--2k\" target=\"_blank\" rel=\"noopener\">Raumedic<\/a>\n<h2>\n\t\t\tMedus eksperter p\u00e5 an\u00e6stesi\/intensiv\t<\/h2>\n\t<p>Leif er vore eksperte p\u00e5 udstyr til an\u00e6stesi\/intensiv. Leif har arbejdet med denne type udstyr i 30 \u00e5r, i t\u00e6t dialog med leverand\u00f8rer og udviklere, sundhedspersonale og indk\u00f8bere ved norske hospitaler. <\/p>\n\t\t\t\t<img decoding=\"async\" src=\"https:\/\/medu.no\/wp-content\/uploads\/2024\/04\/LYS382593_Medu_po_003.jpg\" alt=\"LYS382593_Medu_po_003\" itemprop=\"image\" height=\"856\" width=\"1200\" title=\"LYS382593_Medu_po_003\" onerror=\"this.style.display='none'\" loading=\"lazy\" \/>\n\t<strong>Leif Blindheim<br \/>\n<\/strong>Salgsleder Patientoverv\u00e5gning &amp; Operation\n<a href=\"tel:91531194\">915 31 194<\/a><br \/>\n<a href=\"mailto:leif.blindheim@medu.no\">leif.blindheim@medu.no<\/a>\n\t<p>Leverand\u00f8rer<\/p>\n<h2>\n\t\t\tVores vigtigste leverand\u00f8rer inden for an\u00e6stesi\/intensiv\t<\/h2>\n\t\t\t<a href=\"https:\/\/medu.no\/leverandorer\/\" target=\"_self\">\n\t\t\t\t\t\t\tL\u00e6s mere om vores leverand\u00f8rer her\n\t\t\t\t\t<\/a>\n\t<p>Kontakt os<\/p>\n<h2>\n\t\t\tVi hj\u00e6lper dig med nyt medicinsk udstyr og service.\t<\/h2>\n\t<p><strong>Vi er her for at vejlede dig gennem vores udvalg af h\u00f8jkvalitets medicinsk udstyr og tilpassede servicepakker.<\/strong><\/p>\n<p>Uanset om du har brug for den nyeste teknologi til diagnostisk udstyr, p\u00e5lidelige vedligeholdelsesl\u00f8sninger eller personlig r\u00e5dgivning til at v\u00e6lge det bedste udstyr til dine specifikke behov, er vi her for at hj\u00e6lpe.<\/p>\n\t\t\t\t\t\t\t&quot;*&quot; indikerer p\u00e5kr\u00e6vede felter\n                        <form method='post' enctype='multipart\/form-data' target='gform_ajax_frame_1' id='gform_1'  action='https:\/\/medu.no\/da\/hospitaler\/anaestesi-intensiv\/?fl_builder&#038;fl_builder_ui_iframe#gf_1' data-formid='1' novalidate>\n                        <label class='gfield_label gform-field-label' for='input_1_15'>LinkedIn<\/label><input name='input_15' id='input_1_15' type='text' value='' autocomplete='new-password'\/>Dette felt er til validering og b\u00f8r ikke \u00e6ndres.<label class='gfield_label gform-field-label' for='input_1_6'>Fuldt navn*<\/label><input name='input_6' id='input_1_6' type='text' value='' class='large'   tabindex='100' placeholder='Dit fulde navn' aria-required=\"true\" aria-invalid=\"false\"   \/><label class='gfield_label gform-field-label' for='input_1_12'>Organisation*<\/label><input name='input_12' id='input_1_12' type='text' value='' class='large'   tabindex='101' placeholder='Navn p\u00e5 din organisation' aria-required=\"true\" aria-invalid=\"false\"   \/><label class='gfield_label gform-field-label' for='input_1_10'>E-mail*<\/label>\n                            <input name='input_10' id='input_1_10' type='email' value='' class='large' tabindex='102'  placeholder='Din e-mailadresse' aria-required=\"true\" aria-invalid=\"false\"  \/>\n                        <label class='gfield_label gform-field-label' for='input_1_11'>Telefon*<\/label><input name='input_11' id='input_1_11' type='tel' value='' class='large' tabindex='103' placeholder='Dit telefonnummer' aria-required=\"true\" aria-invalid=\"false\"   \/><label class='gfield_label gform-field-label' for='input_1_13'>V\u00e6lg emne*<\/label><select name='input_13' id='input_1_13' class='large gfield_select' tabindex='104'   aria-required=\"true\" aria-invalid=\"false\"><option value='' selected='selected' class='gf_placeholder'>Hvad ang\u00e5r henvendelsen?<\/option><option value='Generelle henvendelser'>Generelle henvendelser<\/option><option value='\u00d8konomi og regnskab'>\u00d8konomi og regnskab<\/option><option value='For kundeordrer og indk\u00f8b'>For kundeordrer og indk\u00f8b<\/option><option value='Salgsafdeling'>Salgsafdeling<\/option><option value='Servicehenvendelser'>Servicehenvendelser<\/option><\/select><label class='gfield_label gform-field-label' for='input_1_5'>Besked*<\/label><textarea name='input_5' id='input_1_5' class='textarea small' tabindex='105'   placeholder='Fort\u00e6l os, hvad vi kan hj\u00e6lpe dig med ..' aria-required=\"true\" aria-invalid=\"false\"   rows='10' cols='50'><\/textarea><label class='gfield_label gform-field-label' for='input_1_14'>CAPTCHA<\/label>\n         <input type='submit' id='gform_submit_button_1' class='gform_button button' onclick='gform.submission.handleButtonClick(this);' data-submission-type='submit' value='Send besked' tabindex='107' \/> <input type='hidden' name='gform_ajax' value='form_id=1&amp;title=&amp;description=&amp;tabindex=100&amp;theme=gravity-theme&amp;styles=[]&amp;hash=fe8d570c6bbd89019a989f77c4a23a28' \/>\n            <input type='hidden' class='gform_hidden' name='gform_submission_method' data-js='gform_submission_method_1' value='iframe' \/>\n            <input type='hidden' class='gform_hidden' name='gform_theme' data-js='gform_theme_1' id='gform_theme_1' value='gravity-theme' \/>\n            <input type='hidden' class='gform_hidden' name='gform_style_settings' data-js='gform_style_settings_1' id='gform_style_settings_1' value='[]' \/>\n            <input type='hidden' class='gform_hidden' name='is_submit_1' value='1' \/>\n            <input type='hidden' class='gform_hidden' name='gform_submit' value='1' \/>\n            <input type='hidden' class='gform_hidden' name='gform_unique_id' value='' \/>\n            <input type='hidden' class='gform_hidden' name='state_1' value='WyJ7XCIxM1wiOltcIjNhMTVhYmI2NjRiYmFhMmE4MjRjZGViMTIxZDJhOGMxXCIsXCI5OWFhZWUyY2U0MDJkNjFkN2Y4YjgwMGE3NmM5OTFkZFwiLFwiY2FjMjU1ZGI1NzNlMDk1MThlMTJmODU0YjMyMzJkYThcIixcIjQ3NDFhNTk0MGJjNzZmZTA1ZDc2YmEzMGI1Yzg2M2FjXCIsXCI0Nzc4ODZlM2Q3YWQ0NTkzYzcxNGIxOTA5M2E3NmJhMFwiXX0iLCI1OTE2YTYyYTc4NTRkZGMxMzRhZDI4MGFiMWY4YjJkNiJd' \/>\n            <input type='hidden' autocomplete='off' class='gform_hidden' name='gform_target_page_number_1' id='gform_target_page_number_1' value='0' \/>\n            <input type='hidden' autocomplete='off' class='gform_hidden' name='gform_source_page_number_1' id='gform_source_page_number_1' value='1' \/>\n            <input type='hidden' name='gform_field_values' value='' \/>\n                        <\/form>\n\t\t                <iframe style='display:none;width:0px;height:0px;' src='about:blank' name='gform_ajax_frame_1' id='gform_ajax_frame_1' title='Denne iframe indeholder logikken, der er kr\u00e6vet for at h\u00e5ndtere Gravity Formularer, der bruger Ajax.'><\/iframe>\n\n","protected":false},"excerpt":{"rendered":"<p>Hospitaler An\u00e6stesi \/ Intensiv Gennem \u00e5rtier har an\u00e6stesiudstyr spillet en n\u00f8glerolle i at muligg\u00f8re komplekse kirurgiske indgreb, som b\u00e5de redder liv og styrker livskvalitet. Nutidens pr\u00e6cisionskontrollerede udstyr sikrer b\u00e5de sikkerhed&hellip;<\/p>\n","protected":false},"author":2,"featured_media":20921,"parent":20954,"menu_order":0,"comment_status":"closed","ping_status":"closed","template":"","meta":{"inline_featured_image":false,"_price":"","_stock":"","_tribe_ticket_header":"","_tribe_default_ticket_provider":"","_tribe_ticket_capacity":"0","_ticket_start_date":"","_ticket_end_date":"","_tribe_ticket_show_description":"","_tribe_ticket_show_not_going":false,"_tribe_ticket_use_global_stock":"","_tribe_ticket_global_stock_level":"","_global_stock_mode":"","_global_stock_cap":"","_tribe_rsvp_for_event":"","_tribe_ticket_going_count":"","_tribe_ticket_not_going_count":"","_tribe_tickets_list":"[]","_tribe_ticket_has_attendee_info_fields":false,"footnotes":""},"class_list":["post-20919","page","type-page","status-publish","has-post-thumbnail","hentry"],"acf":[],"_links":{"self":[{"href":"https:\/\/medu.no\/da\/wp-json\/wp\/v2\/pages\/20919","targetHints":{"allow":["GET"]}}],"collection":[{"href":"https:\/\/medu.no\/da\/wp-json\/wp\/v2\/pages"}],"about":[{"href":"https:\/\/medu.no\/da\/wp-json\/wp\/v2\/types\/page"}],"author":[{"embeddable":true,"href":"https:\/\/medu.no\/da\/wp-json\/wp\/v2\/users\/2"}],"replies":[{"embeddable":true,"href":"https:\/\/medu.no\/da\/wp-json\/wp\/v2\/comments?post=20919"}],"version-history":[{"count":0,"href":"https:\/\/medu.no\/da\/wp-json\/wp\/v2\/pages\/20919\/revisions"}],"up":[{"embeddable":true,"href":"https:\/\/medu.no\/da\/wp-json\/wp\/v2\/pages\/20954"}],"wp:featuredmedia":[{"embeddable":true,"href":"https:\/\/medu.no\/da\/wp-json\/wp\/v2\/media\/20921"}],"wp:attachment":[{"href":"https:\/\/medu.no\/da\/wp-json\/wp\/v2\/media?parent=20919"}],"curies":[{"name":"wp","href":"https:\/\/api.w.org\/{rel}","templated":true}]}}