{"id":20895,"date":"2024-02-27T07:48:54","date_gmt":"2024-02-27T06:48:54","guid":{"rendered":"https:\/\/medu.no\/ecg247\/"},"modified":"2026-01-07T10:51:21","modified_gmt":"2026-01-07T09:51:21","slug":"ecg247","status":"publish","type":"page","link":"https:\/\/medu.no\/da\/apotek-og-bandagist\/ecg247\/","title":{"rendered":"ECG247"},"content":{"rendered":"\n\n\t\t\t<a href=\"https:\/\/medu.no\/da\/apotek-og-bandagist\/\" target=\"_self\">\n\t\t\t\t\t\t\tApotek &amp; Bandagist\n\t\t\t\t\t<\/a>\n<h1>\n\t\t\tECG247 &#8211; Hjerterytmeoverv\u00e5gning\t<\/h1>\n\t<p>Medu Norge er distribut\u00f8r af ECG247, som er et medicinsk certificeret diagnostisk v\u00e6rkt\u00f8j til kontinuerlig overv\u00e5gning af hjerterytme; 24 timer i d\u00f8gnet i op til 7 dage.<\/p>\n\t\t\t<a href=\"#kontaktside\" target=\"_self\">\n\t\t\t\t\t\t\tKontakt os\n\t\t\t<\/a>\n<h2>\n\t\t\tOm ECG 247\t<\/h2>\n\t<p>ECG247 er et medicinsk certificeret diagnostisk v\u00e6rkt\u00f8j til kontinuerlig overv\u00e5gning af hjerterytme; 24 timer i d\u00f8gnet i op til 7 dage. Produktet er udviklet af norske AppSens i Lillesand, i t\u00e6t samarbejde med forskere og kardiologer ved S\u00f8rlandet hospital, og har til form\u00e5l at afd\u00e6kke hjerterytmeforstyrrelser.<\/p>\n<p>ECG247 best\u00e5r af en lille sensor, som klistres p\u00e5 brystet, en brugervenlig app p\u00e5 mobiltelefonen, sikker datalagring med automatisk tolkning af hjerterytmen og en netportal til at vise resultaterne. ECG247 er billig, enkel at bruge og n\u00f8jagtig. Via ECG247-appen gives ogs\u00e5 feedback i realtid om mulige hjerterytmeforstyrrelser.<\/p>\n<p>ECG247 bruges af praktiserende l\u00e6ger og p\u00e5 hospitaler, men kan ogs\u00e5 k\u00f8bes af patienten selv via alle apoteker og bandagistbutikker i Norge.<\/p>\n<p><a href=\"https:\/\/ecg247.com\/\" target=\"_blank\" rel=\"noopener\">Les mer om ECG247 her.<\/a><\/p>\n<p>Vi har dygtige forhandlere i hele Norge, find en forhandler n\u00e6r dig i listen nedenfor.<\/p>\n\t<p>Forhandlere<\/p>\n<h2>\n\t\t\tHer kan du k\u00f8be ECG247\t<\/h2>\n\t\t\t\tOslo\n\t\t\t\t<p>Maske Bandagist afd. Oslo tlf.  21424748<br \/><a href=\"https:\/\/www.bandagistene.no\/vaare-butikker\/oslo\" target=\"_blank\" rel=\"noopener\">Bes\u00f8g hjemmeside<\/a> <\/p>\n<p>Vitus Apotek Jernbanetorget, Oslo tlf. 23358100<br \/><a href=\"https:\/\/www.vitusapotek.no\/apotek\/NO\/Oslo\/Oslo\/Vitusapotek-Jernbanetorget\" target=\"_blank\" rel=\"noopener\">Bes\u00f8g hjemmeside<\/a> <\/p>\n<p>Apotera.no, Oslo tlf. 22305151<br \/><a href=\"https:\/\/www.apotera.no\/\" target=\"_blank\" rel=\"noopener\">Bes\u00f8g hjemmeside<\/a> <\/p>\n<p>Sandaker Hud og Fodpleje, Oslo tlf. 22710035<br \/><a href=\"https:\/\/sandakerhudogfotpleie.no\/\" target=\"_blank\" rel=\"noopener\">Bes\u00f8g hjemmeside<\/a><\/p>\n\t\t\t\tAkershus\n\t\t\t\t<p>Nye Banda Follo, Ski tlf. 64877000<br \/><a href=\"https:\/\/www.bandafollo.no\/\" target=\"_blank\" rel=\"noopener\">Bes\u00f8g hjemmeside<\/a><\/p>\n<p>Vitus Apotek Sandvika tlf. 67551900<br \/><a href=\"https:\/\/www.vitusapotek.no\/apotek\/NO\/Viken\/Sandvika\/Vitusapotek-Sandvika\" target=\"_blank\" rel=\"noopener\">Bes\u00f8g hjemmeside<\/a><\/p>\n<p>Maske Bandagist, B\u00e6rum tlf. 67525868<br \/><a href=\"https:\/\/www.bandagistene.no\/vaare-butikker\/baerum\" target=\"_blank\" rel=\"noopener\">Bes\u00f8g hjemmeside<\/a><\/p>\n<p>L\u00f8renskog Bandasje tlf. 67919672<br \/><a href=\"https:\/\/loban.no\/\" target=\"_blank\" rel=\"noopener\">Bes\u00f8g hjemmeside<\/a><\/p>\n<p>Farmatek Skandinavia, Bj\u00f8rkelangen tlf. 63850202<br \/><a href=\"https:\/\/www.farmatek.no\/\" target=\"_blank\" rel=\"noopener\">Bes\u00f8g hjemmeside<\/a><\/p>\n<p>Ringen Bandagist AS tlf. 63975570<br \/><a href=\"https:\/\/ringenapotek.no\/\" target=\"_blank\" rel=\"noopener\">Bes\u00f8g hjemmeside<\/a><\/p>\n<p>Ringen Apotek &amp; Bandagist AS Kl\u00f8fta tlf. 62782978<br \/><a href=\"https:\/\/ringenapotek.no\/\" target=\"_blank\" rel=\"noopener\">Bes\u00f8g hjemmeside<\/a><\/p>\n<p>Ringen Apotek &amp; Bandagist AS R\u00e6lingen tlf. 63834300<br \/><a href=\"https:\/\/ringenapotek.no\/\" target=\"_blank\" rel=\"noopener\">Bes\u00f8g hjemmeside<\/a><\/p>\n<p>Boots HomeCare, Langhus tlf. 64850300<br \/><a href=\"https:\/\/bootshomecare.no\/\" target=\"_blank\" rel=\"noopener\">Bes\u00f8g hjemmeside<\/a><\/p>\n<p>Apotek 1 gruppen, Sk\u00e5rersletta tlf. 67909010<br \/><a href=\"http:\/\/www.apotek1.no\" target=\"_blank\" rel=\"noopener\">Bes\u00f8g hjemmeside<\/a><\/p>\n<p>Farmasiet.no, Vestby tlf. 33740324<br \/><a href=\"https:\/\/www.farmasiet.no\/\" target=\"_blank\" rel=\"noopener\">Bes\u00f8g hjemmeside<\/a><\/p>\n<p>Sunkost Holmensenteret, Asker tlf. 66849036<br \/><a href=\"https:\/\/sunkost.no\/butikker\/viken\/sunkost-holmensenteret?_gl=1*h1buxu*_up*MQ..*_ga*MTIwMjc2NTQxOC4xNzA5MDI0MDQ3*_ga_CAPI123456*MTcwOTAyNDA0Ni4xLjEuMTcwOTAyNDA1NS4wLjAuMA..*_ga_Y9LBHR6VBW*MTcwOTAyNDA0Ni4xLjAuMTcwOTAyNDA1NS4wLjAuMA\" target=\"_blank\" rel=\"noopener\">Bes\u00f8g hjemmeside<\/a><\/p>\n<p>Sunkost Holmestrandtoppen, Holmestrand tlf. 33052408 \/\/<br \/><a href=\"https:\/\/sunkost.no\/butikker\/vestfold-og-telemark\/sunkost-holmestrandtoppen?_gl=1*1ifocms*_up*MQ..*_ga*MTIwMjc2NTQxOC4xNzA5MDI0MDQ3*_ga_CAPI123456*MTcwOTAyNDA0Ni4xLjEuMTcwOTAyNDA1NS4wLjAuMA..*_ga_Y9LBHR6VBW*MTcwOTAyNDA0Ni4xLjAuMTcwOTAyNDA1NS4wLjAuMA\" target=\"_blank\" rel=\"noopener\">Bes\u00f8g hjemmeside<\/a><\/p>\n<p>Test Helsen AS, testhelsen.no, tlf. 46533615<br \/><a href=\"https:\/\/www.testhelsen.no\/\" target=\"_blank\" rel=\"noopener\">Bes\u00f8g hjemmeside<\/a><\/p>\n\t\t\t\t\u00d8stfold\n\t\t\t\t<p>Boots Apotek Lilleeng, Moss tlf. 69278680<br \/><a href=\"https:\/\/apotek.boots.no\/Boots+apotek+Lilleeng+Helsepark\/2088921\" target=\"_blank\" rel=\"noopener\">Bes\u00f8g hjemmeside<\/a> <\/p>\n<p>Banda Sykepleieservice, Fredrikstad tlf. 91351554<br \/><a href=\"http:\/\/www.banda.no\" target=\"_blank\" rel=\"noopener\">Bes\u00f8g hjemmeside<\/a><\/p>\n<p>Boots Apotek Lande, Sarpsborg tlf. 69102570<br \/><a href=\"https:\/\/apotek.boots.no\/Boots+apotek+Lande\/1339005\" target=\"_blank\" rel=\"noopener\">Bes\u00f8g hjemmeside<\/a><\/p>\n<p>Gerd Holms Eftf. AS, Halden tlf.  69181288  <br \/><a href=\"https:\/\/www.gerdholms.no\/\" target=\"_blank\" rel=\"noopener\">Bes\u00f8g hjemmeside<\/a><\/p>\n<p>Boots Apotek Askim tlf. 69817200  <br \/><a href=\"https:\/\/apotek.boots.no\/Boots+apotek+Askim\/1956542\" target=\"_blank\" rel=\"noopener\">Bes\u00f8g hjemmeside<\/a><\/p>\n\t\t\t\tBuskerud\n\t\t\t\t<p>Helsevekst Medikal AS, Drammen tlf. 32202350<br \/><a href=\"https:\/\/helsevekst.no\/\" target=\"_blank\" rel=\"noopener\">Bes\u00f8g hjemmeside<\/a><\/p>\n<p>NorEngros Medi Buskerud, Drammen tlf. 32808080<br \/><a href=\"https:\/\/www.medibuskerud.no\/\" target=\"_blank\" rel=\"noopener\">Bes\u00f8g hjemmeside<\/a><\/p>\n<p>NorEngros Kongsberg Bandasje tlf. 32736375<br \/><a href=\"https:\/\/www.norengros.no\/store\/4313?lat=59.9126627&amp;long=10.7972924\" target=\"_blank\" rel=\"noopener\">Bes\u00f8g hjemmeside<\/a><\/p>\n<p>Banda Ringerike, H\u00f8nefoss AS tlf. 32126000<br \/><a href=\"https:\/\/bandaringerike.no\/\" target=\"_blank\" rel=\"noopener\">Bes\u00f8g hjemmeside<\/a><\/p>\n<p>Bien AS, Torpmoen tlf. 32082960<br \/><a href=\"https:\/\/www.bienas.no\" target=\"_blank\" rel=\"noopener\">Bes\u00f8g hjemmeside<\/a><\/p>\n<p>J\u00f8rgen Engum, Dokka tlf. 61110100<br \/><a href=\"https:\/\/www.engum.no\/hjem\/engum-as\" target=\"_blank\" rel=\"noopener\">Bes\u00f8g hjemmeside<\/a><\/p>\n<p>Banda Spydeberg, Spydeberg tlf. 69836162<br \/><a href=\"https:\/\/www.banda.no\/butikker?lat=64.450025&amp;lng=12.126708&amp;zoom=3.88\" target=\"_blank\" rel=\"noopener\">Bes\u00f8g hjemmeside<\/a><\/p>\n<p>Apoteket i Son, Son tlf. 64983130<br \/><a href=\"https:\/\/www.apoteketison.no\/\" target=\"_blank\" rel=\"noopener\">Bes\u00f8g hjemmeside<\/a><\/p>\n\t\t\t\tVestfold\n\t\t\t\t<p>Sygeplejerklinikken AS afd. T\u00f8nsberg tlf. 95412300<br \/><a href=\"https:\/\/sykepleierklinikken.no\/\" target=\"_blank\" rel=\"noopener\">Bes\u00f8g hjemmeside<\/a><\/p>\n<p>Sygeplejerklinikken AS afd. Larvik tlf. 95412300<br \/><a href=\"https:\/\/sykepleierklinikken.no\/\" target=\"_blank\" rel=\"noopener\">Bes\u00f8g hjemmeside<\/a><\/p>\n<p>Helsehuset Vestfold AS, Horten tlf. 92016115<\/p>\n<p>Apotek 1 Nordstjernen, Sandefjord tlf. 33427900<br \/><a href=\"https:\/\/www.apotek1.no\/vaare-apotek\/vestfold-og-telemark\/nordstjernen-sandefjord-414\" target=\"_blank\" rel=\"noopener\">Bes\u00f8g hjemmeside<\/a><\/p>\n<p>Boots Apotek Larvik tlf. 33132440<br \/><a href=\"https:\/\/apotek.boots.no\/Boots+apotek+Larvik\/1234101\" target=\"_blank\" rel=\"noopener\">Bes\u00f8g hjemmeside<\/a><\/p>\n<p>Go`Heksene Helse og Velv\u00e6re DA tlf: 33 05 93 33<\/p>\n\t\t\t\tTelemark\n\t\t\t\t<p>Janus Sykepleieartikler AS, Skien tlf. 35523278<br \/><a href=\"https:\/\/janussykepleieartikler.no\/\" target=\"_blank\" rel=\"noopener\">Bes\u00f8g hjemmeside<\/a><\/p>\n<p>Boots Apotek Medicus Skien tlf. 35502880<br \/><a href=\"https:\/\/apotek.boots.no\/Boots+apotek+Medicus+Skien\/1956546\" target=\"_blank\" rel=\"noopener\">Bes\u00f8g hjemmeside<\/a><\/p>\n<p>Hygea Helse og Bandage AS, Porsgrunn tlf. 35550193<\/p>\n\t\t\t\tAgder\n\t\t\t\t<p>Boots Apotek Kristiansand tlf. 38171800<br \/><a href=\"https:\/\/apotek.boots.no\/Boots+apotek+Kristiansand\/1217921\" target=\"_blank\" rel=\"noopener\">Bes\u00f8g hjemmeside<\/a><\/p>\n<p>Boots Bandagistapotek Arendal tlf. 37004200<br \/><a href=\"https:\/\/apotek.boots.no\/Boots+apotek+Arendal\/1956532\" target=\"_blank\" rel=\"noopener\">Bes\u00f8g hjemmeside<\/a><\/p>\n<p>Helsebutikken i Grimstad tlf. 37049408<br \/><a href=\"https:\/\/www.helsebutikkenigrimstad.no\/\" target=\"_blank\" rel=\"noopener\">Bes\u00f8g hjemmeside<\/a><\/p>\n<p>Fokus Apotek og Bandajist AS, Grimstad tlf. 37035000<br \/><a href=\"https:\/\/www.vitusapotek.no\/apotek\/NO\/Agder\/Grimstad\/Fokus%20Apotek%20%26%20Bandasjist\" target=\"_blank\" rel=\"noopener\">Bes\u00f8g hjemmeside<\/a><\/p>\n\t\t\t\tRogaland\n\t\t\t\t<p>Dit apotek Kjosavik, Sandnes tlf. 51689983<br \/><a href=\"https:\/\/www.dittapotek.no\/dittapotek\/NO\/Rogaland\/Sandnes\/Ditt%20Apotek%20Kjosavik\" target=\"_blank\" rel=\"noopener\">Bes\u00f8g hjemmeside<\/a><\/p>\n<p>NorEngros Kjosavik Helsebutikken, Stavanger tlf. 51887500<\/p>\n<p>RDH Helsebutikken Bygnes tlf. 45960960<br \/><a href=\"https:\/\/www.rdh.as\/vaare-butikker\/rdh-helsebutikken-bygnes\" target=\"_blank\" rel=\"noopener\">Bes\u00f8g hjemmeside<\/a><\/p>\n<p>Kaja AS, Sandnes tlf. 91331636<\/p>\n<p>Boots Apotek \u00d8rnen, Haugesund tlf. 52719090<br \/><a href=\"https:\/\/apotek.boots.no\/Boots+apotek+%C3%98rnen,+Haugesund\/1956533\" target=\"_blank\" rel=\"noopener\">Bes\u00f8g hjemmeside<\/a><\/p>\n<p>Madame Parfymeri, Kopervik tlf. 52852350<\/p>\n<p>OJ Hanssen Skin Tonic, Haugesund tlf. 52722253<br \/><a href=\"https:\/\/ojhanssen.no\/\" target=\"_blank\" rel=\"noopener\">Bes\u00f8g hjemmeside<\/a><\/p>\n\t\t\t\tInnlandet\n\t\t\t\t<p>Gl\u00e5mdal Sygepleie &amp; Bandage, Kongsvinger tlf. 62819790<br \/><a href=\"https:\/\/glamdalsjukepleie.no\/\" target=\"_blank\" rel=\"noopener\">Bes\u00f8g hjemmeside<\/a><\/p>\n<p>Lille Lone, Hamar tlf. 97401487<br \/><a href=\"https:\/\/lillelone.no\/\" target=\"_blank\" rel=\"noopener\">Bes\u00f8g hjemmeside<\/a><\/p>\n<p>Helseartikler AS, Elverum tlf. 62415410<\/p>\n<p>NorEngros Dahle Medical AS, Lillehammer tlf. 61248000<br \/><a href=\"https:\/\/www.norengros.no\/wholesaler\/page\/5300\" target=\"_blank\" rel=\"noopener\">Bes\u00f8g hjemmeside<\/a><\/p>\n<p>Vitus Apotek Sandg\u00e5rden, Gj\u00f8vik tlf. 61145900<br \/><a href=\"https:\/\/www.vitusapotek.no\/apotek\/NO\/Innlandet\/Gj%C3%B8vik\/Vitusapotek-Sandg%C3%A5rden-_-Gj%C3%B8vik\" target=\"_blank\" rel=\"noopener\">Bes\u00f8g hjemmeside<\/a><\/p>\n<p>Maske Bandagist afd. Gj\u00f8vik tlf.  62126040<br \/><a href=\"https:\/\/www.bandagistene.no\/vaare-butikker\/gjovik\" target=\"_blank\" rel=\"noopener\">Bes\u00f8g hjemmeside<\/a><\/p>\n<p>Hospitalsapoteket Gj\u00f8vik, Gj\u00f8vik tlf. 61157320<br \/><a href=\"https:\/\/www.sykehusapotekene.no\/steder\/gjovik\" target=\"_blank\" rel=\"noopener\">Bes\u00f8g hjemmeside<\/a><\/p>\n<p>Irenes Fodklinik, Romadal tlf. 45490748  <\/p>\n\t\t\t\tVestland\n\t\t\t\t<p>Netty Undert\u00f8j AS, Bergen tlf. 99509613<br \/><a href=\"https:\/\/netty.no\/\" target=\"_blank\" rel=\"noopener\">Bes\u00f8g hjemmeside<\/a><\/p>\n<p>Rezepten AS, Bergen tlf. 53698000<br \/><a href=\"https:\/\/rezepten.no\/\" target=\"_blank\" rel=\"noopener\">Bes\u00f8g hjemmeside<\/a><\/p>\n<p>AS Helsebutikken, Bergen tlf. 55230105<br \/><a href=\"https:\/\/www.helse-butikken.no\/\" target=\"_blank\" rel=\"noopener\">Bes\u00f8g hjemmeside<\/a><\/p>\n<p>Sundkost Bergen Storsenter, Bergen tlf. 93299431<br \/><a href=\"https:\/\/sunkost.no\/butikker\/vestlandet\/sunkost-bergen-storsenter\" target=\"_blank\" rel=\"noopener\">Bes\u00f8g hjemmeside<\/a><\/p>\n<p>Bandabutikken AS, Isdalst\u00f8 tlf. 56369511<br \/><a href=\"https:\/\/bandabutikken.no\/\" target=\"_blank\" rel=\"noopener\">Bes\u00f8g hjemmeside<\/a><\/p>\n<p>F\u00f8rde Medikal AS, F\u00f8rde tlf. 57826566<\/p>\n<p>Helseriet AS, F\u00f8rde tlf. 90208936<br \/><a href=\"https:\/\/helseriet.no\/\" target=\"_blank\" rel=\"noopener\">Bes\u00f8g hjemmeside<\/a><\/p>\n<p>Voss Helsebutik, Voss tlf. 56513850<\/p>\n<p>Naturkost AS, Os tlf. 46904080<br \/><a href=\"https:\/\/www.kinsarvik.no\/butikker\/naturkost-os-as\/\" target=\"_blank\" rel=\"noopener\">Bes\u00f8g hjemmeside<\/a><\/p>\n<p>Madame Parfymeri, Kopervik tlf. 52852350<\/p>\n\t\t\t\tM\u00f8re og Romsdal\n\t\t\t\t<p>Hospitalsapoteket Midt-Norge, \u00c5lesund tlf. 70173101<br \/><a href=\"https:\/\/www.sykehusapoteket.no\/\" target=\"_blank\" rel=\"noopener\">Bes\u00f8g hjemmeside<\/a><\/p>\n<p>Helsepartner 1 AS, \u00d8rsta tlf. 90668067<\/p>\n<p>M\u00f8re Apotek, Volda tlf. 70051000<\/p>\n<p>Naturkost og Behandling AS, Volda tlf. 90642150<\/p>\n<p>Nye skot\u00f8jshallen, Molde tlf. 71252451<\/p>\n\t\t\t\tTr\u00f8ndelag\n\t\t\t\t<p>Carl St\u00fbckrath Eftf. AS, Trondheim tlf.  73994480<br \/><a href=\"https:\/\/stuckrath.no\/\" target=\"_blank\" rel=\"noopener\">Bes\u00f8g hjemmeside<\/a><\/p>\n<p>Sykepleieartikler AS, Trondheim tlf. 73515188<br \/><a href=\"https:\/\/www.sykepleieartikler.no\/\" target=\"_blank\" rel=\"noopener\">Bes\u00f8g hjemmeside<\/a><\/p>\n<p>Heimdal Helseartikler, Heimdal tlf. 72849877<br \/><a href=\"https:\/\/www.helseartikler.no\/\" target=\"_blank\" rel=\"noopener\">Bes\u00f8g hjemmeside<\/a><\/p>\n<p>Hemne Helseartikler Kyrks\u00e6ter\u00f8ra tlf. 99324398<br \/><a href=\"https:\/\/www.helseartikler.no\/\" target=\"_blank\" rel=\"noopener\">Bes\u00f8g hjemmeside<\/a><\/p>\n<p>Melhus Helseartikler, Melhus tlf. 72871150<br \/><a href=\"https:\/\/www.helseartikler.no\/\" target=\"_blank\" rel=\"noopener\">Bes\u00f8g hjemmeside<\/a><\/p>\n<p>Boots Apotek Orkanger tlf. 72483850<br \/><a href=\"https:\/\/apotek.boots.no\/Boots+apotek+Orkla\/1070075\" target=\"_blank\" rel=\"noopener\">Bes\u00f8g hjemmeside<\/a><\/p>\n<p>R\u00f8ros Bandasje AS tlf. 72411992<\/p>\n<p>Halsen Sykepleieartikler, Stj\u00f8rdal tlf. 74826010<br \/><a href=\"https:\/\/halsensykepleieartikler.no\/\" target=\"_blank\" rel=\"noopener\">Bes\u00f8g hjemmeside<\/a><\/p>\n<p>Fokus Helse AS, Levanger tlf. 95074700<\/p>\n<p>NorEngros \u00d8deg\u00e5rd Helsebutikken afd. Levanger tlf.  74028093<br \/><a href=\"https:\/\/www.norengros.no\/wholesaler\/page\/4600\" target=\"_blank\" rel=\"noopener\">Bes\u00f8g hjemmeside<\/a><\/p>\n<p>NorEngros \u00d8deg\u00e5rd Helsebutikken afd. Steinkjer 74167790 <br \/><a href=\"https:\/\/www.norengros.no\/wholesaler\/page\/4600\" target=\"_blank\" rel=\"noopener\">Bes\u00f8g hjemmeside<\/a><\/p>\n<p>Namsos Bandasje, Namsos tlf. 74270800<br \/><a href=\"https:\/\/namsosbandasje.no\/\" target=\"_blank\" rel=\"noopener\">Bes\u00f8g hjemmeside<\/a><\/p>\n\t\t\t\tNordland\n\t\t\t\t<p>Hospitalsapoteket Nord HF Bod\u00f8, tlf. 77781900<br \/><a href=\"https:\/\/www.sykehusapotek-nord.no\/no\/steder\/bodo\/\" target=\"_blank\" rel=\"noopener\">Bes\u00f8g hjemmeside<\/a><\/p>\n<p>NorEngros Helseservice Engros, Bod\u00f8 tlf. 76969444<\/p>\n<p>NorEngros Helseservice Stokmarknes tlf. 76117500<\/p>\n<p>Maske Bandagist afd. Mo i Rana tlf.  73892918<br \/><a href=\"https:\/\/www.bandagistene.no\/vaare-butikker\/mo-i-rana\" target=\"_blank\" rel=\"noopener\">Bes\u00f8g hjemmeside<\/a><\/p>\n<p>Mosj\u00f8en Helsekostsenter tlf. 75172777<\/p>\n<p>Banda Narvik (Sleep Scandinavia AS), Narvik tlf. 98909301<br \/><a href=\"https:\/\/sleep.no\/banda-ofoten\/\" target=\"_blank\" rel=\"noopener\">Bes\u00f8g hjemmeside<\/a><\/p>\n<p>Blatchford Ortopedi, Bod\u00f8 tlf. 75507420<br \/><a href=\"https:\/\/www.blatchford.no\/avdelinger\/bodo\/\" target=\"_blank\" rel=\"noopener\">Bes\u00f8g hjemmeside<\/a><\/p>\n\t\t\t\tTroms\n\t\t\t\t<p>Maske Bandagist afd. Troms\u00f8 tlf.  77626256<br \/><a href=\"https:\/\/www.bandagistene.no\/vaare-butikker\/tromso\" target=\"_blank\" rel=\"noopener\">Bes\u00f8g hjemmeside<\/a><\/p>\n<p>Maske Bandagist afd. Harstad tlf.  77001750<br \/><a href=\"https:\/\/www.bandagistene.no\/vaare-butikker\/harstad\" target=\"_blank\" rel=\"noopener\">Bes\u00f8g hjemmeside<\/a><\/p>\n\t\t\t\tFinnmark\n\t\t\t\t<p>NorEngros Helseservice afd. Kirkenes tlf.  78990099<br \/><a href=\"https:\/\/www.norengros.no\/hs-butikk-kirkenes\" target=\"_blank\" rel=\"noopener\">Bes\u00f8g hjemmeside<\/a><\/p>\n\t<p>Kontakt os<\/p>\n<h2>\n\t\t\tVi hj\u00e6lper dig med nyt medicinsk udstyr og service.\t<\/h2>\n\t<p><strong>Vi er her for at vejlede dig gennem vores udvalg af h\u00f8jkvalitets medicinsk udstyr og tilpassede servicepakker.<\/strong><\/p>\n<p>Uanset om du har brug for den nyeste teknologi til diagnostisk udstyr, p\u00e5lidelige vedligeholdelsesl\u00f8sninger eller personlig r\u00e5dgivning til at v\u00e6lge det bedste udstyr til dine specifikke behov, er vi her for at hj\u00e6lpe.<\/p>\n\t\t\t\t\t\t\t&quot;*&quot; indikerer p\u00e5kr\u00e6vede felter\n                        <form method='post' enctype='multipart\/form-data' target='gform_ajax_frame_1' id='gform_1'  action='https:\/\/medu.no\/da\/apotek-og-bandagist\/ecg247\/?fl_builder&#038;fl_builder_ui_iframe#gf_1' data-formid='1' novalidate>\n                        <label class='gfield_label gform-field-label' for='input_1_15'>Name<\/label><input name='input_15' id='input_1_15' type='text' value='' autocomplete='new-password'\/>Dette felt er til validering og b\u00f8r ikke \u00e6ndres.<label class='gfield_label gform-field-label' for='input_1_6'>Fuldt navn*<\/label><input name='input_6' id='input_1_6' type='text' value='' class='large'   tabindex='100' placeholder='Dit fulde navn' aria-required=\"true\" aria-invalid=\"false\"   \/><label class='gfield_label gform-field-label' for='input_1_12'>Organisation*<\/label><input name='input_12' id='input_1_12' type='text' value='' class='large'   tabindex='101' placeholder='Navn p\u00e5 din organisation' aria-required=\"true\" aria-invalid=\"false\"   \/><label class='gfield_label gform-field-label' for='input_1_10'>E-mail*<\/label>\n                            <input name='input_10' id='input_1_10' type='email' value='' class='large' tabindex='102'  placeholder='Din e-mailadresse' aria-required=\"true\" aria-invalid=\"false\"  \/>\n                        <label class='gfield_label gform-field-label' for='input_1_11'>Telefon*<\/label><input name='input_11' id='input_1_11' type='tel' value='' class='large' tabindex='103' placeholder='Dit telefonnummer' aria-required=\"true\" aria-invalid=\"false\"   \/><label class='gfield_label gform-field-label' for='input_1_13'>V\u00e6lg emne*<\/label><select name='input_13' id='input_1_13' class='large gfield_select' tabindex='104'   aria-required=\"true\" aria-invalid=\"false\"><option value='' selected='selected' class='gf_placeholder'>Hvad ang\u00e5r henvendelsen?<\/option><option value='Generelle henvendelser'>Generelle henvendelser<\/option><option value='\u00d8konomi og regnskab'>\u00d8konomi og regnskab<\/option><option value='For kundeordrer og indk\u00f8b'>For kundeordrer og indk\u00f8b<\/option><option value='Salgsafdeling'>Salgsafdeling<\/option><option value='Servicehenvendelser'>Servicehenvendelser<\/option><\/select><label class='gfield_label gform-field-label' for='input_1_5'>Besked*<\/label><textarea name='input_5' id='input_1_5' class='textarea small' tabindex='105'   placeholder='Fort\u00e6l os, hvad vi kan hj\u00e6lpe dig med ..' aria-required=\"true\" aria-invalid=\"false\"   rows='10' cols='50'><\/textarea><label class='gfield_label gform-field-label' for='input_1_14'>CAPTCHA<\/label>\n         <input type='submit' id='gform_submit_button_1' class='gform_button button' onclick='gform.submission.handleButtonClick(this);' data-submission-type='submit' value='Send besked' tabindex='107' \/> <input type='hidden' name='gform_ajax' value='form_id=1&amp;title=&amp;description=&amp;tabindex=100&amp;theme=gravity-theme&amp;styles=[]&amp;hash=fe8d570c6bbd89019a989f77c4a23a28' \/>\n            <input type='hidden' class='gform_hidden' name='gform_submission_method' data-js='gform_submission_method_1' value='iframe' \/>\n            <input type='hidden' class='gform_hidden' name='gform_theme' data-js='gform_theme_1' id='gform_theme_1' value='gravity-theme' \/>\n            <input type='hidden' class='gform_hidden' name='gform_style_settings' data-js='gform_style_settings_1' id='gform_style_settings_1' value='[]' \/>\n            <input type='hidden' class='gform_hidden' name='is_submit_1' value='1' \/>\n            <input type='hidden' class='gform_hidden' name='gform_submit' value='1' \/>\n            <input type='hidden' class='gform_hidden' name='gform_unique_id' value='' \/>\n            <input type='hidden' class='gform_hidden' name='state_1' value='WyJ7XCIxM1wiOltcIjNhMTVhYmI2NjRiYmFhMmE4MjRjZGViMTIxZDJhOGMxXCIsXCI5OWFhZWUyY2U0MDJkNjFkN2Y4YjgwMGE3NmM5OTFkZFwiLFwiY2FjMjU1ZGI1NzNlMDk1MThlMTJmODU0YjMyMzJkYThcIixcIjQ3NDFhNTk0MGJjNzZmZTA1ZDc2YmEzMGI1Yzg2M2FjXCIsXCI0Nzc4ODZlM2Q3YWQ0NTkzYzcxNGIxOTA5M2E3NmJhMFwiXX0iLCI1OTE2YTYyYTc4NTRkZGMxMzRhZDI4MGFiMWY4YjJkNiJd' \/>\n            <input type='hidden' autocomplete='off' class='gform_hidden' name='gform_target_page_number_1' id='gform_target_page_number_1' value='0' \/>\n            <input type='hidden' autocomplete='off' class='gform_hidden' name='gform_source_page_number_1' id='gform_source_page_number_1' value='1' \/>\n            <input type='hidden' name='gform_field_values' value='' \/>\n                        <\/form>\n\t\t                <iframe style='display:none;width:0px;height:0px;' src='about:blank' name='gform_ajax_frame_1' id='gform_ajax_frame_1' title='Denne iframe indeholder logikken, der er kr\u00e6vet for at h\u00e5ndtere Gravity Formularer, der bruger Ajax.'><\/iframe>\n\n","protected":false},"excerpt":{"rendered":"<p>Apotek &amp; Bandagist ECG247 &#8211; Hjerterytmeoverv\u00e5gning Medu Norge er distribut\u00f8r af ECG247, som er et medicinsk certificeret diagnostisk v\u00e6rkt\u00f8j til kontinuerlig overv\u00e5gning af hjerterytme; 24 timer i d\u00f8gnet i op&hellip;<\/p>\n","protected":false},"author":2,"featured_media":20896,"parent":20961,"menu_order":0,"comment_status":"closed","ping_status":"closed","template":"","meta":{"inline_featured_image":false,"_price":"","_stock":"","_tribe_ticket_header":"","_tribe_default_ticket_provider":"","_tribe_ticket_capacity":"0","_ticket_start_date":"","_ticket_end_date":"","_tribe_ticket_show_description":"","_tribe_ticket_show_not_going":false,"_tribe_ticket_use_global_stock":"","_tribe_ticket_global_stock_level":"","_global_stock_mode":"","_global_stock_cap":"","_tribe_rsvp_for_event":"","_tribe_ticket_going_count":"","_tribe_ticket_not_going_count":"","_tribe_tickets_list":"[]","_tribe_ticket_has_attendee_info_fields":false,"footnotes":""},"class_list":["post-20895","page","type-page","status-publish","has-post-thumbnail","hentry"],"acf":[],"_links":{"self":[{"href":"https:\/\/medu.no\/da\/wp-json\/wp\/v2\/pages\/20895","targetHints":{"allow":["GET"]}}],"collection":[{"href":"https:\/\/medu.no\/da\/wp-json\/wp\/v2\/pages"}],"about":[{"href":"https:\/\/medu.no\/da\/wp-json\/wp\/v2\/types\/page"}],"author":[{"embeddable":true,"href":"https:\/\/medu.no\/da\/wp-json\/wp\/v2\/users\/2"}],"replies":[{"embeddable":true,"href":"https:\/\/medu.no\/da\/wp-json\/wp\/v2\/comments?post=20895"}],"version-history":[{"count":0,"href":"https:\/\/medu.no\/da\/wp-json\/wp\/v2\/pages\/20895\/revisions"}],"up":[{"embeddable":true,"href":"https:\/\/medu.no\/da\/wp-json\/wp\/v2\/pages\/20961"}],"wp:featuredmedia":[{"embeddable":true,"href":"https:\/\/medu.no\/da\/wp-json\/wp\/v2\/media\/20896"}],"wp:attachment":[{"href":"https:\/\/medu.no\/da\/wp-json\/wp\/v2\/media?parent=20895"}],"curies":[{"name":"wp","href":"https:\/\/api.w.org\/{rel}","templated":true}]}}