{"id":20888,"date":"2024-09-19T10:40:55","date_gmt":"2024-09-19T08:40:55","guid":{"rendered":"https:\/\/medu.no\/praktiserende-laege\/"},"modified":"2026-02-16T10:25:52","modified_gmt":"2026-02-16T09:25:52","slug":"praktiserende-laege","status":"publish","type":"page","link":"https:\/\/medu.no\/da\/praktiserende-laege\/","title":{"rendered":"Praktiserende l\u00e6ge"},"content":{"rendered":"\n\n\t\t\t<a href=\"\"  target=\"_self\">\n\t\t\t\t\t\t\tTil praktiserende l\u00e6ger\n\t\t\t\t\t<\/a>\n<h1>\n\t\t\tMedicinsk udstyr, diagnostisk og ultralyd til l\u00e6ger i almen praksis.\t<\/h1>\n\t<p>Ultralyd er vores varem\u00e6rke, og vi er stolte af at pr\u00e6sentere apparater fra GE Healthcare og Alpinion Medical Systems. Derudover finder du medicinsk udstyr og diagnostisk via vores salg hos Helsestasjonsbutikken. <\/p>\n\t\t\t<a href=\"https:\/\/medu.no\/da\/ultralyd\/\" target=\"_self\">\n\t\t\t\t\t\t<h2>Ultralyd<\/h2>\t\t\t\t\t\n\t\t\t<p>Lad os hj\u00e6lpe jer med at finde det rigtige ultralydsudstyr<\/p>\t\t\n\t\t<\/a>\n\t\t\t<a href=\"https:\/\/skjervheimgruppen.no\/\" target=\"_blank\" rel=\"noopener\">\n\t\t\t\t\t\t<h2>Diagnostisk udstyr<\/h2>\t\t\t\t\t\n\t\t\t<p>Vores udvalg af diagnostisk udstyr<\/p>\t\t\n\t\t<\/a>\n\t<p>Hvorfor b\u00f8r den praktiserende l\u00e6ge v\u00e6lge Medu Norge AS?<\/p>\n<h2>\n\t\t\tSpecialister med lang erfaring\t<\/h2>\n\t<p>Siden 2006 har vi v\u00e6ret leverand\u00f8rer til praktiserende l\u00e6gekontorer og mener, vi er velegnede som samarbejdspartner med bred erfaring inden for b\u00e5de ultralyd og \u00f8vrigt medicinsk diagnostisk udstyr.<\/p>\n<p>For at diagnosticere patienters mange &#8220;smerter&#8221; skal man have udstyr, der er godt nok til form\u00e5let. En ultralyd b\u00f8r kunne bruges til b\u00e5de sm\u00e5 og store patienter og benyttes af nybegyndere s\u00e5vel som den erfarne l\u00e6ge. Vores ultralydsapparater, der er beregnet til praktiserende l\u00e6ger, er allroundere med fremragende billedkvalitet til b\u00e5de dybe og overfladiske unders\u00f8gelser. Og \u00f8nsker man det specialiserede, har vi det ogs\u00e5. Inden for diagnostisk har vi kvalitetsprodukter fra Heine, Seca, Oscar b\u00e6nke m.m.    <\/p>\n<p>Har du brug for vejledning, r\u00e5d og tips om, hvad du har brug for til din praksis, s\u00e5 tag kontakt for en snak, eller send os en mail, se link nedenfor.<\/p>\n<strong>Thorbj\u00f8rn Sletten Torp<br \/>\n<\/strong>Fagansvarlig ultralyd og diagnostisk\n<p><a href=\"tel:90846797\">908 46 797<\/a> | <a href=\"mailto:thorbjorn.torp@medu.no\">thorbjorn.torp@medu.no<\/a><\/p>\n\t<p>Vi samarbejder med<\/p>\n<h2>\n\t\t\tVerdensf\u00f8rende leverand\u00f8rer og producenter\t<\/h2>\n\t\t\t<a href=\"https:\/\/medu.no\/leverandorer\/\" target=\"_self\">\n\t\t\t\t\t\t\tL\u00e6s mere om vores leverand\u00f8rer her\n\t\t\t\t\t<\/a>\n<h2>\n\t\t\tPopul\u00e6re produkter\t<\/h2>\n\t<p>Udforsk vores produktgalleri med en r\u00e6kke nye produkter til fysikalske klinikker.<\/p>\n\t<p>Kontakt os<\/p>\n<h2>\n\t\t\tVi hj\u00e6lper dig med nyt medicinsk udstyr og service.\t<\/h2>\n\t<p><strong>Vi er her for at vejlede dig gennem vores udvalg af h\u00f8jkvalitets medicinsk udstyr og tilpassede servicepakker.<\/strong><\/p>\n<p>Uanset om du har brug for den nyeste teknologi til diagnostisk udstyr, p\u00e5lidelige vedligeholdelsesl\u00f8sninger eller personlig r\u00e5dgivning til at v\u00e6lge det bedste udstyr til dine specifikke behov, er vi her for at hj\u00e6lpe.<\/p>\n\t\t\t\t\t\t\t&quot;*&quot; indikerer p\u00e5kr\u00e6vede felter\n                        <form method='post' enctype='multipart\/form-data' target='gform_ajax_frame_1' id='gform_1'  action='https:\/\/medu.no\/da\/praktiserende-laege\/?fl_builder&#038;fl_builder_ui_iframe#gf_1' data-formid='1' novalidate>\n                        <label class='gfield_label gform-field-label' for='input_1_15'>Facebook<\/label><input name='input_15' id='input_1_15' type='text' value='' autocomplete='new-password'\/>Dette felt er til validering og b\u00f8r ikke \u00e6ndres.<label class='gfield_label gform-field-label' for='input_1_6'>Fuldt navn*<\/label><input name='input_6' id='input_1_6' type='text' value='' class='large'   tabindex='100' placeholder='Dit fulde navn' aria-required=\"true\" aria-invalid=\"false\"   \/><label class='gfield_label gform-field-label' for='input_1_12'>Organisation*<\/label><input name='input_12' id='input_1_12' type='text' value='' class='large'   tabindex='101' placeholder='Navn p\u00e5 din organisation' aria-required=\"true\" aria-invalid=\"false\"   \/><label class='gfield_label gform-field-label' for='input_1_10'>E-mail*<\/label>\n                            <input name='input_10' id='input_1_10' type='email' value='' class='large' tabindex='102'  placeholder='Din e-mailadresse' aria-required=\"true\" aria-invalid=\"false\"  \/>\n                        <label class='gfield_label gform-field-label' for='input_1_11'>Telefon*<\/label><input name='input_11' id='input_1_11' type='tel' value='' class='large' tabindex='103' placeholder='Dit telefonnummer' aria-required=\"true\" aria-invalid=\"false\"   \/><label class='gfield_label gform-field-label' for='input_1_13'>V\u00e6lg emne*<\/label><select name='input_13' id='input_1_13' class='large gfield_select' tabindex='104'   aria-required=\"true\" aria-invalid=\"false\"><option value='' selected='selected' class='gf_placeholder'>Hvad ang\u00e5r henvendelsen?<\/option><option value='Generelle henvendelser'>Generelle henvendelser<\/option><option value='\u00d8konomi og regnskab'>\u00d8konomi og regnskab<\/option><option value='For kundeordrer og indk\u00f8b'>For kundeordrer og indk\u00f8b<\/option><option value='Salgsafdeling'>Salgsafdeling<\/option><option value='Servicehenvendelser'>Servicehenvendelser<\/option><\/select><label class='gfield_label gform-field-label' for='input_1_5'>Besked*<\/label><textarea name='input_5' id='input_1_5' class='textarea small' tabindex='105'   placeholder='Fort\u00e6l os, hvad vi kan hj\u00e6lpe dig med ..' aria-required=\"true\" aria-invalid=\"false\"   rows='10' cols='50'><\/textarea><label class='gfield_label gform-field-label' for='input_1_14'>CAPTCHA<\/label>\n         <input type='submit' id='gform_submit_button_1' class='gform_button button' onclick='gform.submission.handleButtonClick(this);' data-submission-type='submit' value='Send besked' tabindex='107' \/> <input type='hidden' name='gform_ajax' value='form_id=1&amp;title=&amp;description=&amp;tabindex=100&amp;theme=gravity-theme&amp;styles=[]&amp;hash=fe8d570c6bbd89019a989f77c4a23a28' \/>\n            <input type='hidden' class='gform_hidden' name='gform_submission_method' data-js='gform_submission_method_1' value='iframe' \/>\n            <input type='hidden' class='gform_hidden' name='gform_theme' data-js='gform_theme_1' id='gform_theme_1' value='gravity-theme' \/>\n            <input type='hidden' class='gform_hidden' name='gform_style_settings' data-js='gform_style_settings_1' id='gform_style_settings_1' value='[]' \/>\n            <input type='hidden' class='gform_hidden' name='is_submit_1' value='1' \/>\n            <input type='hidden' class='gform_hidden' name='gform_submit' value='1' \/>\n            <input type='hidden' class='gform_hidden' name='gform_currency' data-currency='NOK' value='fI7jkuenkwd\/F9uYyxx9zlt2TExW+XiNdLS\/a8WXN3ZnqzQPaE4jym6XmUmH17v9BoqGUue3cGFK2W142a\/JzBeGgmlHW92ylTyrtZfpoNsyh\/g=' \/>\n            <input type='hidden' class='gform_hidden' name='gform_unique_id' value='' \/>\n            <input type='hidden' class='gform_hidden' name='state_1' value='WyJ7XCIxM1wiOltcIjNhMTVhYmI2NjRiYmFhMmE4MjRjZGViMTIxZDJhOGMxXCIsXCI5OWFhZWUyY2U0MDJkNjFkN2Y4YjgwMGE3NmM5OTFkZFwiLFwiY2FjMjU1ZGI1NzNlMDk1MThlMTJmODU0YjMyMzJkYThcIixcIjQ3NDFhNTk0MGJjNzZmZTA1ZDc2YmEzMGI1Yzg2M2FjXCIsXCI0Nzc4ODZlM2Q3YWQ0NTkzYzcxNGIxOTA5M2E3NmJhMFwiXX0iLCI1OTE2YTYyYTc4NTRkZGMxMzRhZDI4MGFiMWY4YjJkNiJd' \/>\n            <input type='hidden' autocomplete='off' class='gform_hidden' name='gform_target_page_number_1' id='gform_target_page_number_1' value='0' \/>\n            <input type='hidden' autocomplete='off' class='gform_hidden' name='gform_source_page_number_1' id='gform_source_page_number_1' value='1' \/>\n            <input type='hidden' name='gform_field_values' value='' \/>\n                        <\/form>\n\t\t                <iframe style='display:none;width:0px;height:0px;' src='about:blank' name='gform_ajax_frame_1' id='gform_ajax_frame_1' title='Denne iframe indeholder logikken, der er kr\u00e6vet for at h\u00e5ndtere Gravity Formularer, der bruger Ajax.'><\/iframe>\n\n","protected":false},"excerpt":{"rendered":"<p>Til praktiserende l\u00e6ger Medicinsk udstyr, diagnostisk og ultralyd til l\u00e6ger i almen praksis. Ultralyd er vores varem\u00e6rke, og vi er stolte af at pr\u00e6sentere apparater fra GE Healthcare og Alpinion&hellip;<\/p>\n","protected":false},"author":2,"featured_media":20862,"parent":0,"menu_order":0,"comment_status":"closed","ping_status":"closed","template":"","meta":{"inline_featured_image":false,"_price":"","_stock":"","_tribe_ticket_header":"","_tribe_default_ticket_provider":"","_tribe_ticket_capacity":"0","_ticket_start_date":"","_ticket_end_date":"","_tribe_ticket_show_description":"","_tribe_ticket_show_not_going":false,"_tribe_ticket_use_global_stock":"","_tribe_ticket_global_stock_level":"","_global_stock_mode":"","_global_stock_cap":"","_tribe_rsvp_for_event":"","_tribe_ticket_going_count":"","_tribe_ticket_not_going_count":"","_tribe_tickets_list":"[]","_tribe_ticket_has_attendee_info_fields":false,"footnotes":""},"class_list":["post-20888","page","type-page","status-publish","has-post-thumbnail","hentry"],"acf":[],"_links":{"self":[{"href":"https:\/\/medu.no\/da\/wp-json\/wp\/v2\/pages\/20888","targetHints":{"allow":["GET"]}}],"collection":[{"href":"https:\/\/medu.no\/da\/wp-json\/wp\/v2\/pages"}],"about":[{"href":"https:\/\/medu.no\/da\/wp-json\/wp\/v2\/types\/page"}],"author":[{"embeddable":true,"href":"https:\/\/medu.no\/da\/wp-json\/wp\/v2\/users\/2"}],"replies":[{"embeddable":true,"href":"https:\/\/medu.no\/da\/wp-json\/wp\/v2\/comments?post=20888"}],"version-history":[{"count":0,"href":"https:\/\/medu.no\/da\/wp-json\/wp\/v2\/pages\/20888\/revisions"}],"wp:featuredmedia":[{"embeddable":true,"href":"https:\/\/medu.no\/da\/wp-json\/wp\/v2\/media\/20862"}],"wp:attachment":[{"href":"https:\/\/medu.no\/da\/wp-json\/wp\/v2\/media?parent=20888"}],"curies":[{"name":"wp","href":"https:\/\/api.w.org\/{rel}","templated":true}]}}